{"id":401,"date":"2024-10-23T01:39:41","date_gmt":"2024-10-23T01:39:41","guid":{"rendered":"https:\/\/darkslategray-tiger-275734.hostingersite.com\/?page_id=401"},"modified":"2025-09-03T18:34:32","modified_gmt":"2025-09-03T18:34:32","slug":"prensa","status":"publish","type":"page","link":"https:\/\/concamin.org.mx\/?page_id=401","title":{"rendered":"Prensa"},"content":{"rendered":"<p>[et_pb_section fb_built=&#8221;1&#8243; module_class=&#8221;breadcrumbs&#8221; _builder_version=&#8221;4.27.2&#8243; _module_preset=&#8221;default&#8221; background_color=&#8221;#f8f7fa&#8221; locked=&#8221;off&#8221; global_colors_info=&#8221;{}&#8221;][et_pb_row _builder_version=&#8221;4.27.2&#8243; _module_preset=&#8221;default&#8221; global_colors_info=&#8221;{}&#8221;][et_pb_column type=&#8221;4_4&#8243; _builder_version=&#8221;4.27.2&#8243; _module_preset=&#8221;default&#8221; global_colors_info=&#8221;{}&#8221;][et_pb_code _builder_version=&#8221;4.27.2&#8243; _module_preset=&#8221;default&#8221; global_colors_info=&#8221;{}&#8221;]<\/p>\n<div class=\"lwp-breadcrumbs\"><!-- [et_pb_line_break_holder] -->  <span typeof=\"BreadcrumbList\"><!-- [et_pb_line_break_holder] -->    <span property=\"itemListElement\" typeof=\"ListItem\"><!-- [et_pb_line_break_holder] -->      <a property=\"item\" typeof=\"WebPage\" href=\"\/\"><!-- [et_pb_line_break_holder] -->        <span property=\"name\">Inicio<\/span><!-- [et_pb_line_break_holder] -->      <\/a><!-- [et_pb_line_break_holder] -->    <\/span><!-- [et_pb_line_break_holder] -->    <span class=\"separator et-pb-icon\">5<\/span><!-- [et_pb_line_break_holder] -->    <span property=\"itemListElement\" typeof=\"ListItem\"><!-- [et_pb_line_break_holder] -->       <a property=\"item\" typeof=\"WebPage\" href=\"\/biblioteca-y-recursos\/\"><!-- [et_pb_line_break_holder] -->      \t\t<span property=\"name\">Noticias y recursos<\/span><!-- [et_pb_line_break_holder] -->        <\/a><!-- [et_pb_line_break_holder] -->    <\/span><!-- [et_pb_line_break_holder] -->   <!-- [et_pb_line_break_holder] -->    <span class=\"separator et-pb-icon\">5<\/span><!-- [et_pb_line_break_holder] -->    <span property=\"itemListElement\" typeof=\"ListItem\"><!-- [et_pb_line_break_holder] -->      <span property=\"name\">Publicaciones<\/span><!-- [et_pb_line_break_holder] -->    <\/span><!-- [et_pb_line_break_holder] -->   <!-- [et_pb_line_break_holder] -->    <span class=\"separator et-pb-icon\">5<\/span><!-- [et_pb_line_break_holder] -->    <span property=\"itemListElement\" typeof=\"ListItem\" class=\"current\"><!-- [et_pb_line_break_holder] -->      <a property=\"item\" typeof=\"WebPage\" href=\"\/prensa\"><!-- [et_pb_line_break_holder] -->       Prensa<!-- [et_pb_line_break_holder] -->      <\/a><!-- [et_pb_line_break_holder] -->    <\/span><!-- [et_pb_line_break_holder] -->  <\/span><!-- [et_pb_line_break_holder] --><\/div>\n<p>[\/et_pb_code][\/et_pb_column][\/et_pb_row][\/et_pb_section][et_pb_section fb_built=&#8221;1&#8243; module_class=&#8221;module&#8221; _builder_version=&#8221;4.27.2&#8243; _module_preset=&#8221;default&#8221; global_colors_info=&#8221;{}&#8221;][et_pb_row _builder_version=&#8221;4.27.2&#8243; _module_preset=&#8221;default&#8221; custom_padding=&#8221;0px||0px||true|false&#8221; global_colors_info=&#8221;{}&#8221;][et_pb_column type=&#8221;4_4&#8243; _builder_version=&#8221;4.27.2&#8243; _module_preset=&#8221;default&#8221; global_colors_info=&#8221;{}&#8221;][et_pb_text _builder_version=&#8221;4.27.2&#8243; _module_preset=&#8221;default&#8221; global_colors_info=&#8221;{}&#8221;]<\/p>\n<h1>Prensa<\/h1>\n<p>[\/et_pb_text][\/et_pb_column][\/et_pb_row][et_pb_row custom_padding_last_edited=&#8221;on|phone&#8221; _builder_version=&#8221;4.27.2&#8243; _module_preset=&#8221;default&#8221; custom_padding=&#8221;60px||||false|false&#8221; custom_padding_tablet=&#8221;32px||||false|false&#8221; custom_padding_phone=&#8221;16px||||false|false&#8221; global_colors_info=&#8221;{}&#8221;][et_pb_column type=&#8221;4_4&#8243; _builder_version=&#8221;4.27.2&#8243; _module_preset=&#8221;default&#8221; global_colors_info=&#8221;{}&#8221;][et_pb_code module_class=&#8221;post-grid&#8221; _builder_version=&#8221;4.27.2&#8243; _module_preset=&#8221;default&#8221; hover_enabled=&#8221;0&#8243; global_colors_info=&#8221;{}&#8221; text_orientation=&#8221;justified&#8221; sticky_enabled=&#8221;0&#8243;]<style type='text\/css' media='all'>#rt-tpg-container-1110593909 .rt-holder .rt-woo-info .price{color:#0367bf;}body .rt-tpg-container .rt-tpg-isotope-buttons .selected,\n\t\t\t\t\t#rt-tpg-container-1110593909 .layout12 .rt-holder:hover .rt-detail,\n\t\t\t\t\t#rt-tpg-container-1110593909 .isotope8 .rt-holder:hover .rt-detail,\n\t\t\t\t\t#rt-tpg-container-1110593909 .carousel8 .rt-holder:hover .rt-detail,\n\t\t\t\t\t#rt-tpg-container-1110593909 .layout13 .rt-holder .overlay .post-info,\n\t\t\t\t\t#rt-tpg-container-1110593909 .isotope9 .rt-holder .overlay .post-info,\n\t\t\t\t\t#rt-tpg-container-1110593909.rt-tpg-container .layout4 .rt-holder .rt-detail,\n\t\t\t\t\t.rt-modal-1110593909 .md-content,\n\t\t\t\t\t.rt-modal-1110593909 .md-content > .rt-md-content-holder .rt-md-content,\n\t\t\t\t\t.rt-popup-wrap-1110593909.rt-popup-wrap .rt-popup-navigation-wrap,\n\t\t\t\t\t#rt-tpg-container-1110593909 .carousel9 .rt-holder .overlay .post-info{background-color:#0367bf;}#rt-tpg-container-1110593909 .layout5 .rt-holder .overlay, #rt-tpg-container-1110593909 .isotope2 .rt-holder .overlay, #rt-tpg-container-1110593909 .carousel2 .rt-holder .overlay,#rt-tpg-container-1110593909 .layout15 .rt-holder h3, #rt-tpg-container-1110593909 .isotope11 .rt-holder h3, #rt-tpg-container-1110593909 .carousel11 .rt-holder h3, #rt-tpg-container-1110593909 .layout16 .rt-holder h3,\n\t\t\t\t\t#rt-tpg-container-1110593909 .isotope12 .rt-holder h3, #rt-tpg-container-1110593909 .carousel12 .rt-holder h3 {background-color:rgba(3,103,191,0.1);}#rt-tpg-container-1110593909 .read-more a{border-radius:px;}#rt-tpg-container-1110593909 .rt-img-holder img.rt-img-responsive,#rt-tpg-container-1110593909 .rt-img-holder,\n\t\t\t\t\t#rt-tpg-container-1110593909 .rt-post-overlay .post-img,\n\t\t\t\t\t#rt-tpg-container-1110593909 .post-sm .post-img,\n\t\t\t\t\t#rt-tpg-container-1110593909 .rt-post-grid .post-img,\n\t\t\t\t\t#rt-tpg-container-1110593909 .post-img img {border-radius:px;}<\/style><div class='rt-container-fluid rt-tpg-container tpg-shortcode-main-wrapper ' id='rt-tpg-container-1110593909'   data-layout='layout2' data-grid-style='even' data-desktop-col='1'  data-tab-col='1'  data-mobile-col='1' data-sc-id='1452'><div class='rt-layout-filter-container rt-clear'><div class='rt-filter-wrap'><div class=\"rt-filter-item-wrap rt-search-filter-wrap\"><input type=\"text\" class=\"rt-search-input\" placeholder=\"Search...\"><span class='rt-action'>&#128269;<\/span><span class='rt-loading'><\/span><\/div><\/div><\/div><div data-title='Loading ...' class='rt-row rt-content-loader   layout2 tpg-even '><div class=\"rt-col-md-12 rt-col-sm-12 rt-col-xs-12 even-grid-item rt-grid-item\" data-id=\"2551\"><div class=\"rt-holder\"><div class=\"rt-row\"><div class='rt-col-xs-12'><div class='rt-detail'><h3 class=\"entry-title\"><a data-id=\"2551\" class=\"\" href=\"https:\/\/concamin.org.mx\/?p=2551\">PIDE CONCAMIN DESBLOQUEAR TRAMO FERROVIARIO<\/a><\/h3><div class='post-meta-user '><span class='date-meta'><i class='far fa-calendar-alt '><\/i>octubre 2, 2024<\/span><\/div><div class='tpg-excerpt'>Desde el pasado 24 de septiembre, pobladores de la comunidad Puente Colorado Chapulco, (128 km de la ciudad de Puebla y a 170 km del Puerto de Veracruz), tramo de gran relevancia para el servicio ferroviario nacional, mantienen bloqueada la v\u00eda del tren, pidiendo la atenci\u00f3n de demandas relacionadas con el acceso al agua...<\/div><span class='read-more '><a data-id='2551' class='' href='https:\/\/concamin.org.mx\/?p=2551'>Conoce m\u00e1s<\/a><\/span><\/div><\/div><\/div><\/div><\/div><div class=\"rt-col-md-12 rt-col-sm-12 rt-col-xs-12 even-grid-item rt-grid-item\" data-id=\"2548\"><div class=\"rt-holder\"><div class=\"rt-row\"><div class='rt-col-xs-12'><div class='rt-detail'><h3 class=\"entry-title\"><a data-id=\"2548\" class=\"\" href=\"https:\/\/concamin.org.mx\/?p=2548\">CONCAMIN RESPALDA DESARROLLO SOSTENIBLE IMPULSADO POR GOBIERNO DE SHEINBAUM<\/a><\/h3><div class='post-meta-user '><span class='date-meta'><i class='far fa-calendar-alt '><\/i>octubre 1, 2024<\/span><\/div><div class='tpg-excerpt'>La Confederaci\u00f3n de C\u00e1maras Industriales de los Estados Unidos Mexicanos, CONCAMIN, felicita a la Dra. Claudia Sheinbaum Pardo por asumir el cargo de Presidenta de M\u00e9xico...<\/div><span class='read-more '><a data-id='2548' class='' href='https:\/\/concamin.org.mx\/?p=2548'>Conoce m\u00e1s<\/a><\/span><\/div><\/div><\/div><\/div><\/div><div class=\"rt-col-md-12 rt-col-sm-12 rt-col-xs-12 even-grid-item rt-grid-item\" data-id=\"2545\"><div class=\"rt-holder\"><div class=\"rt-row\"><div class='rt-col-xs-12'><div class='rt-detail'><h3 class=\"entry-title\"><a data-id=\"2545\" class=\"\" href=\"https:\/\/concamin.org.mx\/?p=2545\">LA CONCAMIN PIDE AL SENADO DE LA REP\u00daBLICA VELAR POR EL BIENESTAR DE LA NACI\u00d3N<\/a><\/h3><div class='post-meta-user '><span class='date-meta'><i class='far fa-calendar-alt '><\/i>septiembre 5, 2024<\/span><\/div><div class='tpg-excerpt'>Desde la Confederaci\u00f3n de C\u00e1maras Industriales de los Estados Unidos Mexicanos, CONCAMIN, hacemos un llamado al Senado de la Rep\u00fablica a que realice un an\u00e1lisis m\u00e1s profundo, tomando en cuenta todas las opiniones de especialistas y sociedad, antes de continuar con el proceso legislativo de la Reforma al Poder Judicial, aprobada por la C\u00e1mara de Diputados...<\/div><span class='read-more '><a data-id='2545' class='' href='https:\/\/concamin.org.mx\/?p=2545'>Conoce m\u00e1s<\/a><\/span><\/div><\/div><\/div><\/div><\/div><div class=\"rt-col-md-12 rt-col-sm-12 rt-col-xs-12 even-grid-item rt-grid-item\" data-id=\"2542\"><div class=\"rt-holder\"><div class=\"rt-row\"><div class='rt-col-xs-12'><div class='rt-detail'><h3 class=\"entry-title\"><a data-id=\"2542\" class=\"\" href=\"https:\/\/concamin.org.mx\/?p=2542\">CONCAMIN DEMANDA SOLUCI\u00d3N DE LOS BLOQUEOS CARRETEROS<\/a><\/h3><div class='post-meta-user '><span class='date-meta'><i class='far fa-calendar-alt '><\/i>septiembre 5, 2024<\/span><\/div><div class='tpg-excerpt'>La Confederaci\u00f3n de C\u00e1maras Industriales de los Estados Unidos Mexicanos, CONCAMIN, manifiesta su profunda preocupaci\u00f3n y rechazo ante los bloqueos carreteros en importantes v\u00edas de comunicaci\u00f3n como el Arco Norte y la autopista M\u00e9xico-Cuernavaca, por representar una grave amenaza para la estabilidad econ\u00f3mica, la seguridad de las personas y el libre tr\u00e1nsito de bienes y servicios...<\/div><span class='read-more '><a data-id='2542' class='' href='https:\/\/concamin.org.mx\/?p=2542'>Conoce m\u00e1s<\/a><\/span><\/div><\/div><\/div><\/div><\/div><div class=\"rt-col-md-12 rt-col-sm-12 rt-col-xs-12 even-grid-item rt-grid-item\" data-id=\"2539\"><div class=\"rt-holder\"><div class=\"rt-row\"><div class='rt-col-xs-12'><div class='rt-detail'><h3 class=\"entry-title\"><a data-id=\"2539\" class=\"\" href=\"https:\/\/concamin.org.mx\/?p=2539\">PLURALIDAD EN LA VOTACI\u00d3N, PROPORCIONALIDAD EN LA REPRESENTACI\u00d3N<\/a><\/h3><div class='post-meta-user '><span class='date-meta'><i class='far fa-calendar-alt '><\/i>agosto 20, 2024<\/span><\/div><div class='tpg-excerpt'>CONCAMIN en favor del Estado de Derecho y la democracia Considerando que en unos d\u00edas las autoridades electorales de nuestro pa\u00eds habr\u00e1n de decidir la manera en que se asignar\u00e1n los espacios de representaci\u00f3n pol\u00edtica en el Congreso de la Uni\u00f3n, la Confederaci\u00f3n de C\u00e1maras Industriales de los Estados Unidos Mexicanos (CONCAMIN), respetuosamente expresa lo siguiente:...<\/div><span class='read-more '><a data-id='2539' class='' href='https:\/\/concamin.org.mx\/?p=2539'>Conoce m\u00e1s<\/a><\/span><\/div><\/div><\/div><\/div><\/div><div class=\"rt-col-md-12 rt-col-sm-12 rt-col-xs-12 even-grid-item rt-grid-item\" data-id=\"2536\"><div class=\"rt-holder\"><div class=\"rt-row\"><div class='rt-col-xs-12'><div class='rt-detail'><h3 class=\"entry-title\"><a data-id=\"2536\" class=\"\" href=\"https:\/\/concamin.org.mx\/?p=2536\">LLAMADO A LAS AUTORIDADES PARA LIBERAR BLOQUEOS EN LA AUTOPISTA M\u00c9XICO-PUEBLA Y EL ARCO NORTE<\/a><\/h3><div class='post-meta-user '><span class='date-meta'><i class='far fa-calendar-alt '><\/i>agosto 7, 2024<\/span><\/div><div class='tpg-excerpt'>La Confederaci\u00f3n de C\u00e1maras Industriales de los Estados Unidos Mexicanos, CONCAMIN, hace un en\u00e9rgico llamado a las autoridades del Gobierno Federal para entablar un di\u00e1logo constructivo con los grupos inconformes que mantienen bloqueada la autopista M\u00e9xico-Puebla y el Arco Norte...<\/div><span class='read-more '><a data-id='2536' class='' href='https:\/\/concamin.org.mx\/?p=2536'>Conoce m\u00e1s<\/a><\/span><\/div><\/div><\/div><\/div><\/div><div class=\"rt-col-md-12 rt-col-sm-12 rt-col-xs-12 even-grid-item rt-grid-item\" data-id=\"2533\"><div class=\"rt-holder\"><div class=\"rt-row\"><div class='rt-col-xs-12'><div class='rt-detail'><h3 class=\"entry-title\"><a data-id=\"2533\" class=\"\" href=\"https:\/\/concamin.org.mx\/?p=2533\">M\u00c9XICO SIGUE SIENDO ATRACTIVO PARA TESLA A PESAR DE PAUSA<\/a><\/h3><div class='post-meta-user '><span class='date-meta'><i class='far fa-calendar-alt '><\/i>julio 23, 2024<\/span><\/div><div class='tpg-excerpt'>La Confederaci\u00f3n de C\u00e1maras Industriales de los Estados Unidos Mexicanos, CONCAMIN, tiene conocimiento de la decisi\u00f3n de Elon Musk de poner en pausa la construcci\u00f3n de la planta de Tesla en el estado de Nuevo Le\u00f3n, hasta despu\u00e9s de las elecciones en Estados Unidos...<\/div><span class='read-more '><a data-id='2533' class='' href='https:\/\/concamin.org.mx\/?p=2533'>Conoce m\u00e1s<\/a><\/span><\/div><\/div><\/div><\/div><\/div><div class=\"rt-col-md-12 rt-col-sm-12 rt-col-xs-12 even-grid-item rt-grid-item\" data-id=\"2530\"><div class=\"rt-holder\"><div class=\"rt-row\"><div class='rt-col-xs-12'><div class='rt-detail'><h3 class=\"entry-title\"><a data-id=\"2530\" class=\"\" href=\"https:\/\/concamin.org.mx\/?p=2530\">CONCAMIN CELEBRA LA PUBLICACI\u00d3N DEL DECRETO PARA PROTEGER LA INDUSTRIA NACIONAL Y EL EMPLEO<\/a><\/h3><div class='post-meta-user '><span class='date-meta'><i class='far fa-calendar-alt '><\/i>abril 23, 2024<\/span><\/div><div class='tpg-excerpt'>Un paso decisivo para combatir el comercio desleal y fortalecer el mercado interno En un esfuerzo conjunto de la Confederaci\u00f3n de C\u00e1maras Industriales de los Estados Unidos Mexicanos, CONCAMIN y la Secretar\u00eda de Econom\u00eda, por proteger el empleo, la producci\u00f3n nacional y el mercado interno ante las pr\u00e1cticas de comercio desleal e ilegal, fue publicado en el Diario Oficial de la Federaci\u00f3n el \"Decreto por el que se modifica la Tarifa de la Ley de los Impuestos Generales de Importaci\u00f3n y de Exportaci\u00f3n\"...<\/div><span class='read-more '><a data-id='2530' class='' href='https:\/\/concamin.org.mx\/?p=2530'>Conoce m\u00e1s<\/a><\/span><\/div><\/div><\/div><\/div><\/div><div class=\"rt-col-md-12 rt-col-sm-12 rt-col-xs-12 even-grid-item rt-grid-item\" data-id=\"2527\"><div class=\"rt-holder\"><div class=\"rt-row\"><div class='rt-col-xs-12'><div class='rt-detail'><h3 class=\"entry-title\"><a data-id=\"2527\" class=\"\" href=\"https:\/\/concamin.org.mx\/?p=2527\">RINDE PROTESTA ALEJANDRO MALAG\u00d3N COMO PRESIDENTE DE LA CONCAMIN, AS\u00cd COMO EL NUEVO CONSEJO DIRECTIVO DE LA CONFEDERACI\u00d3N<\/a><\/h3><div class='post-meta-user '><span class='date-meta'><i class='far fa-calendar-alt '><\/i>marzo 22, 2024<\/span><\/div><div class='tpg-excerpt'>Al rendir protesta como presidente de la Confederaci\u00f3n de C\u00e1maras Industriales de los Estados Unidos Mexicanos (CONCAMIN), Alejandro Malag\u00f3n Barrag\u00e1n, afirm\u00f3 que este organismo trabajar\u00e1 en la soluci\u00f3n de los problemas del pa\u00eds y no se distraer\u00e1 en confrontaciones...<\/div><span class='read-more '><a data-id='2527' class='' href='https:\/\/concamin.org.mx\/?p=2527'>Conoce m\u00e1s<\/a><\/span><\/div><\/div><\/div><\/div><\/div><\/div><div class='rt-pagination-wrap' data-total-pages='30' data-posts-per-page='9' data-type='pagination_ajax'  ><div class='rt-page-numbers'><\/div><\/div><\/div>[\/et_pb_code][\/et_pb_column][\/et_pb_row][\/et_pb_section]<\/p>\n","protected":false},"excerpt":{"rendered":"<p>[et_pb_section fb_built=&#8221;1&#8243; module_class=&#8221;breadcrumbs&#8221; _builder_version=&#8221;4.27.2&#8243; _module_preset=&#8221;default&#8221; background_color=&#8221;#f8f7fa&#8221; locked=&#8221;off&#8221; global_colors_info=&#8221;{}&#8221;][et_pb_row _builder_version=&#8221;4.27.2&#8243; _module_preset=&#8221;default&#8221; global_colors_info=&#8221;{}&#8221;][et_pb_column type=&#8221;4_4&#8243; _builder_version=&#8221;4.27.2&#8243; _module_preset=&#8221;default&#8221; global_colors_info=&#8221;{}&#8221;][et_pb_code _builder_version=&#8221;4.27.2&#8243; _module_preset=&#8221;default&#8221; global_colors_info=&#8221;{}&#8221;] Inicio 5 Noticias y recursos 5 Publicaciones 5 Prensa [\/et_pb_code][\/et_pb_column][\/et_pb_row][\/et_pb_section][et_pb_section fb_built=&#8221;1&#8243; module_class=&#8221;module&#8221; _builder_version=&#8221;4.27.2&#8243; _module_preset=&#8221;default&#8221; global_colors_info=&#8221;{}&#8221;][et_pb_row _builder_version=&#8221;4.27.2&#8243; _module_preset=&#8221;default&#8221; custom_padding=&#8221;0px||0px||true|false&#8221; global_colors_info=&#8221;{}&#8221;][et_pb_column type=&#8221;4_4&#8243; _builder_version=&#8221;4.27.2&#8243; _module_preset=&#8221;default&#8221; global_colors_info=&#8221;{}&#8221;][et_pb_text _builder_version=&#8221;4.27.2&#8243; _module_preset=&#8221;default&#8221; global_colors_info=&#8221;{}&#8221;] Prensa [\/et_pb_text][\/et_pb_column][\/et_pb_row][et_pb_row custom_padding_last_edited=&#8221;on|phone&#8221; _builder_version=&#8221;4.27.2&#8243; _module_preset=&#8221;default&#8221; custom_padding=&#8221;60px||||false|false&#8221; custom_padding_tablet=&#8221;32px||||false|false&#8221; custom_padding_phone=&#8221;16px||||false|false&#8221; global_colors_info=&#8221;{}&#8221;][et_pb_column type=&#8221;4_4&#8243; _builder_version=&#8221;4.27.2&#8243; [&hellip;]<\/p>\n","protected":false},"author":1,"featured_media":14,"parent":0,"menu_order":0,"comment_status":"closed","ping_status":"closed","template":"","meta":{"_et_pb_use_builder":"on","_et_pb_old_content":"","_et_gb_content_width":"","inline_featured_image":false,"footnotes":""},"class_list":["post-401","page","type-page","status-publish","has-post-thumbnail","hentry"],"rttpg_featured_image_url":{"full":["https:\/\/concamin.org.mx\/wp-content\/uploads\/2024\/10\/share.jpg",1251,876,false],"landscape":["https:\/\/concamin.org.mx\/wp-content\/uploads\/2024\/10\/share.jpg",1251,876,false],"portraits":["https:\/\/concamin.org.mx\/wp-content\/uploads\/2024\/10\/share.jpg",1251,876,false],"thumbnail":["https:\/\/concamin.org.mx\/wp-content\/uploads\/2024\/10\/share-150x150.jpg",150,150,true],"medium":["https:\/\/concamin.org.mx\/wp-content\/uploads\/2024\/10\/share-300x210.jpg",300,210,true],"large":["https:\/\/concamin.org.mx\/wp-content\/uploads\/2024\/10\/share-1024x717.jpg",1024,717,true],"1536x1536":["https:\/\/concamin.org.mx\/wp-content\/uploads\/2024\/10\/share.jpg",1251,876,false],"2048x2048":["https:\/\/concamin.org.mx\/wp-content\/uploads\/2024\/10\/share.jpg",1251,876,false],"et-pb-post-main-image":["https:\/\/concamin.org.mx\/wp-content\/uploads\/2024\/10\/share-400x250.jpg",400,250,true],"et-pb-post-main-image-fullwidth":["https:\/\/concamin.org.mx\/wp-content\/uploads\/2024\/10\/share-1080x675.jpg",1080,675,true],"et-pb-portfolio-image":["https:\/\/concamin.org.mx\/wp-content\/uploads\/2024\/10\/share-400x284.jpg",400,284,true],"et-pb-portfolio-module-image":["https:\/\/concamin.org.mx\/wp-content\/uploads\/2024\/10\/share-510x382.jpg",510,382,true],"et-pb-portfolio-image-single":["https:\/\/concamin.org.mx\/wp-content\/uploads\/2024\/10\/share-1080x756.jpg",1080,756,true],"et-pb-gallery-module-image-portrait":["https:\/\/concamin.org.mx\/wp-content\/uploads\/2024\/10\/share-400x516.jpg",400,516,true],"et-pb-post-main-image-fullwidth-large":["https:\/\/concamin.org.mx\/wp-content\/uploads\/2024\/10\/share.jpg",1251,876,false],"et-pb-image--responsive--desktop":["https:\/\/concamin.org.mx\/wp-content\/uploads\/2024\/10\/share.jpg",1028,720,false],"et-pb-image--responsive--tablet":["https:\/\/concamin.org.mx\/wp-content\/uploads\/2024\/10\/share-980x686.jpg",787,551,true],"et-pb-image--responsive--phone":["https:\/\/concamin.org.mx\/wp-content\/uploads\/2024\/10\/share-480x336.jpg",386,270,true],"yarpp-thumbnail":["https:\/\/concamin.org.mx\/wp-content\/uploads\/2024\/10\/share.jpg",120,84,false],"rt_custom":["https:\/\/concamin.org.mx\/wp-content\/uploads\/2024\/10\/share.jpg",1251,876,false]},"rttpg_author":{"display_name":"xdelvalle@siclip.com","author_link":"https:\/\/concamin.org.mx\/?author=1"},"rttpg_comment":0,"rttpg_category":"","rttpg_excerpt":"[et_pb_section fb_built=&#8221;1&#8243; module_class=&#8221;breadcrumbs&#8221; _builder_version=&#8221;4.27.2&#8243; _module_preset=&#8221;default&#8221; background_color=&#8221;#f8f7fa&#8221; locked=&#8221;off&#8221; global_colors_info=&#8221;{}&#8221;][et_pb_row _builder_version=&#8221;4.27.2&#8243; _module_preset=&#8221;default&#8221; global_colors_info=&#8221;{}&#8221;][et_pb_column type=&#8221;4_4&#8243; _builder_version=&#8221;4.27.2&#8243; _module_preset=&#8221;default&#8221; global_colors_info=&#8221;{}&#8221;][et_pb_code _builder_version=&#8221;4.27.2&#8243; _module_preset=&#8221;default&#8221; global_colors_info=&#8221;{}&#8221;] Inicio 5 Noticias y recursos 5 Publicaciones 5 Prensa [\/et_pb_code][\/et_pb_column][\/et_pb_row][\/et_pb_section][et_pb_section fb_built=&#8221;1&#8243; module_class=&#8221;module&#8221; _builder_version=&#8221;4.27.2&#8243; _module_preset=&#8221;default&#8221; global_colors_info=&#8221;{}&#8221;][et_pb_row _builder_version=&#8221;4.27.2&#8243; _module_preset=&#8221;default&#8221; custom_padding=&#8221;0px||0px||true|false&#8221; global_colors_info=&#8221;{}&#8221;][et_pb_column type=&#8221;4_4&#8243; _builder_version=&#8221;4.27.2&#8243; _module_preset=&#8221;default&#8221; global_colors_info=&#8221;{}&#8221;][et_pb_text _builder_version=&#8221;4.27.2&#8243; _module_preset=&#8221;default&#8221; global_colors_info=&#8221;{}&#8221;] Prensa [\/et_pb_text][\/et_pb_column][\/et_pb_row][et_pb_row custom_padding_last_edited=&#8221;on|phone&#8221; _builder_version=&#8221;4.27.2&#8243; _module_preset=&#8221;default&#8221; custom_padding=&#8221;60px||||false|false&#8221; custom_padding_tablet=&#8221;32px||||false|false&#8221; custom_padding_phone=&#8221;16px||||false|false&#8221; global_colors_info=&#8221;{}&#8221;][et_pb_column type=&#8221;4_4&#8243; _builder_version=&#8221;4.27.2&#8243;&hellip;","_links":{"self":[{"href":"https:\/\/concamin.org.mx\/index.php?rest_route=\/wp\/v2\/pages\/401","targetHints":{"allow":["GET"]}}],"collection":[{"href":"https:\/\/concamin.org.mx\/index.php?rest_route=\/wp\/v2\/pages"}],"about":[{"href":"https:\/\/concamin.org.mx\/index.php?rest_route=\/wp\/v2\/types\/page"}],"author":[{"embeddable":true,"href":"https:\/\/concamin.org.mx\/index.php?rest_route=\/wp\/v2\/users\/1"}],"replies":[{"embeddable":true,"href":"https:\/\/concamin.org.mx\/index.php?rest_route=%2Fwp%2Fv2%2Fcomments&post=401"}],"version-history":[{"count":6,"href":"https:\/\/concamin.org.mx\/index.php?rest_route=\/wp\/v2\/pages\/401\/revisions"}],"predecessor-version":[{"id":2603,"href":"https:\/\/concamin.org.mx\/index.php?rest_route=\/wp\/v2\/pages\/401\/revisions\/2603"}],"wp:featuredmedia":[{"embeddable":true,"href":"https:\/\/concamin.org.mx\/index.php?rest_route=\/wp\/v2\/media\/14"}],"wp:attachment":[{"href":"https:\/\/concamin.org.mx\/index.php?rest_route=%2Fwp%2Fv2%2Fmedia&parent=401"}],"curies":[{"name":"wp","href":"https:\/\/api.w.org\/{rel}","templated":true}]}}