{"id":385,"date":"2024-10-23T01:25:17","date_gmt":"2024-10-23T01:25:17","guid":{"rendered":"https:\/\/darkslategray-tiger-275734.hostingersite.com\/?page_id=385"},"modified":"2024-11-03T23:59:58","modified_gmt":"2024-11-03T23:59:58","slug":"biblioteca-y-recursos","status":"publish","type":"page","link":"https:\/\/concamin.org.mx\/?page_id=385","title":{"rendered":"Biblioteca y recursos"},"content":{"rendered":"<p>[et_pb_section fb_built=&#8221;1&#8243; module_class=&#8221;breadcrumbs&#8221; _builder_version=&#8221;4.27.2&#8243; _module_preset=&#8221;default&#8221; background_color=&#8221;#f8f7fa&#8221; global_colors_info=&#8221;{}&#8221;][et_pb_row _builder_version=&#8221;4.27.2&#8243; _module_preset=&#8221;default&#8221; global_colors_info=&#8221;{}&#8221;][et_pb_column type=&#8221;4_4&#8243; _builder_version=&#8221;4.27.2&#8243; _module_preset=&#8221;default&#8221; global_colors_info=&#8221;{}&#8221;][et_pb_code _builder_version=&#8221;4.27.2&#8243; _module_preset=&#8221;default&#8221; global_colors_info=&#8221;{}&#8221;]<\/p>\n<div class=\"lwp-breadcrumbs\"><!-- [et_pb_line_break_holder] -->  <span typeof=\"BreadcrumbList\"><!-- [et_pb_line_break_holder] -->    <span property=\"itemListElement\" typeof=\"ListItem\"><!-- [et_pb_line_break_holder] -->      <a property=\"item\" typeof=\"WebPage\" href=\"\/\"><!-- [et_pb_line_break_holder] -->        <span property=\"name\">Inicio<\/span><!-- [et_pb_line_break_holder] -->      <\/a><!-- [et_pb_line_break_holder] -->    <\/span><!-- [et_pb_line_break_holder] -->    <span class=\"separator et-pb-icon\">5<\/span><!-- [et_pb_line_break_holder] -->    <span property=\"itemListElement\" typeof=\"ListItem\"><!-- [et_pb_line_break_holder] -->       <a property=\"item\" typeof=\"WebPage\" href=\"\/biblioteca-y-recursos\/\"><!-- [et_pb_line_break_holder] -->      \t\t<span property=\"name\">Noticias y recursos<\/span><!-- [et_pb_line_break_holder] -->        <\/a><!-- [et_pb_line_break_holder] -->    <\/span><!-- [et_pb_line_break_holder] -->   <!-- [et_pb_line_break_holder] -->    <span class=\"separator et-pb-icon\">5<\/span><!-- [et_pb_line_break_holder] -->    <span property=\"itemListElement\" typeof=\"ListItem\"><!-- [et_pb_line_break_holder] -->      <span property=\"name\">Publicaciones<\/span><!-- [et_pb_line_break_holder] -->    <\/span><!-- [et_pb_line_break_holder] -->   <!-- [et_pb_line_break_holder] -->    <span class=\"separator et-pb-icon\">5<\/span><!-- [et_pb_line_break_holder] -->    <span property=\"itemListElement\" typeof=\"ListItem\" class=\"current\"><!-- [et_pb_line_break_holder] -->      <a property=\"item\" typeof=\"WebPage\" href=\"\/biblioteca-y-recursos\/\"><!-- [et_pb_line_break_holder] -->       Biblioteca y recursos<!-- [et_pb_line_break_holder] -->      <\/a><!-- [et_pb_line_break_holder] -->    <\/span><!-- [et_pb_line_break_holder] -->  <\/span><!-- [et_pb_line_break_holder] --><\/div>\n<p>[\/et_pb_code][\/et_pb_column][\/et_pb_row][\/et_pb_section][et_pb_section fb_built=&#8221;1&#8243; module_class=&#8221;module&#8221; _builder_version=&#8221;4.27.2&#8243; _module_preset=&#8221;default&#8221; global_colors_info=&#8221;{}&#8221;][et_pb_row _builder_version=&#8221;4.27.2&#8243; _module_preset=&#8221;default&#8221; custom_padding=&#8221;0px||0px||true|false&#8221; global_colors_info=&#8221;{}&#8221;][et_pb_column type=&#8221;4_4&#8243; _builder_version=&#8221;4.27.2&#8243; _module_preset=&#8221;default&#8221; global_colors_info=&#8221;{}&#8221;][et_pb_text _builder_version=&#8221;4.27.2&#8243; _module_preset=&#8221;default&#8221; global_colors_info=&#8221;{}&#8221;]<\/p>\n<h1>Biblioteca y recursos<\/h1>\n<p>[\/et_pb_text][et_pb_text module_class=&#8221;text-18&#8243; _builder_version=&#8221;4.27.2&#8243; _module_preset=&#8221;default&#8221; max_width=&#8221;700px&#8221; global_colors_info=&#8221;{}&#8221;]<\/p>\n<p><strong>En esta biblioteca encontrar\u00e1s contenido de inter\u00e9s con el cu\u00e1l podr\u00e1s extender tus conocimientos acerca de las industrias de M\u00e9xico y del mundo.<\/strong><\/p>\n<p>[\/et_pb_text][\/et_pb_column][\/et_pb_row][et_pb_row column_structure=&#8221;1_2,1_2&#8243; custom_padding_last_edited=&#8221;on|phone&#8221; _builder_version=&#8221;4.27.2&#8243; _module_preset=&#8221;default&#8221; custom_padding=&#8221;60px||0px||false|false&#8221; custom_padding_tablet=&#8221;60px||0px||false|false&#8221; custom_padding_phone=&#8221;16px||0px||false|false&#8221; hover_enabled=&#8221;0&#8243; global_colors_info=&#8221;{}&#8221; sticky_enabled=&#8221;0&#8243;][et_pb_column type=&#8221;1_2&#8243; _builder_version=&#8221;4.27.2&#8243; _module_preset=&#8221;default&#8221; global_colors_info=&#8221;{}&#8221;][et_pb_blurb image=&#8221;https:\/\/darkslategray-tiger-275734.hostingersite.com\/wp-content\/uploads\/2024\/10\/file_open.svg&#8221; module_class=&#8221;card-horizontal card&#8211;bordered&#8221; _builder_version=&#8221;4.27.2&#8243; _module_preset=&#8221;default&#8221; hover_enabled=&#8221;0&#8243; locked=&#8221;off&#8221; global_colors_info=&#8221;{}&#8221; sticky_enabled=&#8221;0&#8243; link_option_url=&#8221;https:\/\/res.cloudinary.com\/concamin\/image\/upload\/v1714499500\/zejmw3hyyikqiagqf9eb.pdf&#8221; link_option_url_new_window=&#8221;on&#8221;]<\/p>\n<p>Espacios Laborales Libres de Violencia<\/p>\n<p>[\/et_pb_blurb][et_pb_blurb image=&#8221;https:\/\/darkslategray-tiger-275734.hostingersite.com\/wp-content\/uploads\/2024\/10\/file_open.svg&#8221; module_class=&#8221;card-horizontal card&#8211;bordered&#8221; _builder_version=&#8221;4.27.2&#8243; _module_preset=&#8221;default&#8221; hover_enabled=&#8221;0&#8243; locked=&#8221;off&#8221; global_colors_info=&#8221;{}&#8221; sticky_enabled=&#8221;0&#8243; link_option_url=&#8221;https:\/\/res.cloudinary.com\/concamin\/image\/upload\/v1685046250\/qrlym1qhgan9r1e6qtix.pdf&#8221; link_option_url_new_window=&#8221;on&#8221;]<\/p>\n<p>Premio \u00c9tica y Valores en la Industria Vig\u00e9sima Primer Edici\u00f3n<\/p>\n<p>[\/et_pb_blurb][et_pb_blurb image=&#8221;https:\/\/darkslategray-tiger-275734.hostingersite.com\/wp-content\/uploads\/2024\/10\/file_open.svg&#8221; module_class=&#8221;card-horizontal card&#8211;bordered&#8221; _builder_version=&#8221;4.27.2&#8243; _module_preset=&#8221;default&#8221; hover_enabled=&#8221;0&#8243; locked=&#8221;off&#8221; global_colors_info=&#8221;{}&#8221; sticky_enabled=&#8221;0&#8243; link_option_url=&#8221;https:\/\/res.cloudinary.com\/concamin\/image\/upload\/v1667329878\/pwteigpoorzj0axeccrf.pdf&#8221; link_option_url_new_window=&#8221;on&#8221;]<\/p>\n<p>Premiados de la 20va Edici\u00f3n del Premio \u00c9tica y Valores en la Industria<\/p>\n<p>[\/et_pb_blurb][et_pb_blurb image=&#8221;https:\/\/darkslategray-tiger-275734.hostingersite.com\/wp-content\/uploads\/2024\/10\/file_open.svg&#8221; module_class=&#8221;card-horizontal card&#8211;bordered&#8221; _builder_version=&#8221;4.27.2&#8243; _module_preset=&#8221;default&#8221; hover_enabled=&#8221;0&#8243; locked=&#8221;off&#8221; global_colors_info=&#8221;{}&#8221; sticky_enabled=&#8221;0&#8243; link_option_url=&#8221;https:\/\/res.cloudinary.com\/concamin\/image\/upload\/v1656957111\/eagsxtf2of5xvcxlh0va.pdf&#8221; link_option_url_new_window=&#8221;on&#8221;]<\/p>\n<p>Convocatoria Premio \u00c9tica y Valores en la Industria Vig\u00e9sima Edici\u00f3n<\/p>\n<p>[\/et_pb_blurb][et_pb_blurb image=&#8221;https:\/\/darkslategray-tiger-275734.hostingersite.com\/wp-content\/uploads\/2024\/10\/file_open.svg&#8221; module_class=&#8221;card-horizontal card&#8211;bordered&#8221; _builder_version=&#8221;4.27.2&#8243; _module_preset=&#8221;default&#8221; hover_enabled=&#8221;0&#8243; locked=&#8221;off&#8221; global_colors_info=&#8221;{}&#8221; sticky_enabled=&#8221;0&#8243; link_option_url=&#8221;https:\/\/res.cloudinary.com\/concamin\/image\/upload\/v1626877634\/yrwwlki1oon0esagaeb5.pdf&#8221; link_option_url_new_window=&#8221;on&#8221;]<\/p>\n<p>07.20.21 Carta al Presidente de los Estados Unidos sobre el Acceso al Mercado para las Compa\u00f1\u00edas Energ\u00e9ticas en M\u00e9xico<\/p>\n<p>[\/et_pb_blurb][et_pb_blurb image=&#8221;https:\/\/darkslategray-tiger-275734.hostingersite.com\/wp-content\/uploads\/2024\/10\/file_open.svg&#8221; module_class=&#8221;card-horizontal card&#8211;bordered&#8221; _builder_version=&#8221;4.27.2&#8243; _module_preset=&#8221;default&#8221; hover_enabled=&#8221;0&#8243; locked=&#8221;off&#8221; global_colors_info=&#8221;{}&#8221; sticky_enabled=&#8221;0&#8243; link_option_url=&#8221;https:\/\/res.cloudinary.com\/concamin\/image\/upload\/v1621275060\/s4t4wfjs5g6t5ptpweg9.pdf&#8221; link_option_url_new_window=&#8221;on&#8221;]<\/p>\n<p>AMSDE por un M\u00e9xico Digital<\/p>\n<p>[\/et_pb_blurb][et_pb_blurb image=&#8221;https:\/\/darkslategray-tiger-275734.hostingersite.com\/wp-content\/uploads\/2024\/10\/file_open.svg&#8221; module_class=&#8221;card-horizontal card&#8211;bordered&#8221; _builder_version=&#8221;4.27.2&#8243; _module_preset=&#8221;default&#8221; hover_enabled=&#8221;0&#8243; locked=&#8221;off&#8221; global_colors_info=&#8221;{}&#8221; sticky_enabled=&#8221;0&#8243; link_option_url=&#8221;https:\/\/res.cloudinary.com\/concamin\/image\/upload\/v1607039100\/oeonk7vzn15x9gurnxzo.pdf&#8221; link_option_url_new_window=&#8221;on&#8221;]<\/p>\n<p>Reporte Reuni\u00f3n Anual de Industriales 2020<\/p>\n<p>[\/et_pb_blurb][et_pb_blurb image=&#8221;https:\/\/darkslategray-tiger-275734.hostingersite.com\/wp-content\/uploads\/2024\/10\/file_open.svg&#8221; module_class=&#8221;card-horizontal card&#8211;bordered&#8221; _builder_version=&#8221;4.27.2&#8243; _module_preset=&#8221;default&#8221; hover_enabled=&#8221;0&#8243; locked=&#8221;off&#8221; global_colors_info=&#8221;{}&#8221; sticky_enabled=&#8221;0&#8243; link_option_url=&#8221;https:\/\/res.cloudinary.com\/concamin\/image\/upload\/v1596483076\/dkov8kl9t8zhfuo8ztnz.pdf&#8221; link_option_url_new_window=&#8221;on&#8221;]<\/p>\n<p>COVID-19: Un D\u00eda Despu\u00e9s<\/p>\n<p>[\/et_pb_blurb][et_pb_blurb image=&#8221;https:\/\/darkslategray-tiger-275734.hostingersite.com\/wp-content\/uploads\/2024\/10\/file_open.svg&#8221; module_class=&#8221;card-horizontal card&#8211;bordered&#8221; _builder_version=&#8221;4.27.2&#8243; _module_preset=&#8221;default&#8221; hover_enabled=&#8221;0&#8243; locked=&#8221;off&#8221; global_colors_info=&#8221;{}&#8221; sticky_enabled=&#8221;0&#8243; link_option_url=&#8221;https:\/\/res.cloudinary.com\/concamin\/image\/upload\/v1584741876\/v8yhyypyj5wy7oy3ibyv.pdf&#8221; link_option_url_new_window=&#8221;on&#8221;]<\/p>\n<p>Carta del Presidente de la CONCAMIN al Presidente de la Rep\u00fablica<\/p>\n<p>[\/et_pb_blurb][et_pb_blurb image=&#8221;https:\/\/darkslategray-tiger-275734.hostingersite.com\/wp-content\/uploads\/2024\/10\/file_open.svg&#8221; module_class=&#8221;card-horizontal card&#8211;bordered&#8221; _builder_version=&#8221;4.27.2&#8243; _module_preset=&#8221;default&#8221; hover_enabled=&#8221;0&#8243; locked=&#8221;off&#8221; global_colors_info=&#8221;{}&#8221; sticky_enabled=&#8221;0&#8243; link_option_url=&#8221;https:\/\/res.cloudinary.com\/concamin\/image\/upload\/v1583968714\/raxidddhkk7nkvne9eqq.pdf&#8221; link_option_url_new_window=&#8221;on&#8221;]<\/p>\n<p>Gu\u00eda Pr\u00e1ctica ante el Coronavirus &#8211; CONCAMIN<\/p>\n<p>[\/et_pb_blurb][et_pb_blurb image=&#8221;https:\/\/darkslategray-tiger-275734.hostingersite.com\/wp-content\/uploads\/2024\/10\/file_open.svg&#8221; module_class=&#8221;card-horizontal card&#8211;bordered&#8221; _builder_version=&#8221;4.27.2&#8243; _module_preset=&#8221;default&#8221; hover_enabled=&#8221;0&#8243; locked=&#8221;off&#8221; global_colors_info=&#8221;{}&#8221; sticky_enabled=&#8221;0&#8243;]<\/p>\n<p>Formato para Empresas Premio EVI 18-2020<\/p>\n<p>[\/et_pb_blurb][et_pb_blurb image=&#8221;https:\/\/darkslategray-tiger-275734.hostingersite.com\/wp-content\/uploads\/2024\/10\/file_open.svg&#8221; module_class=&#8221;card-horizontal card&#8211;bordered&#8221; _builder_version=&#8221;4.27.2&#8243; _module_preset=&#8221;default&#8221; hover_enabled=&#8221;0&#8243; locked=&#8221;off&#8221; global_colors_info=&#8221;{}&#8221; sticky_enabled=&#8221;0&#8243; link_option_url=&#8221;https:\/\/res.cloudinary.com\/concamin\/image\/upload\/v1583393322\/bjcdbhxnvqhkdszkeaz5.pdf&#8221; link_option_url_new_window=&#8221;on&#8221;]<\/p>\n<p>Pacto Oaxaca 2.0<\/p>\n<p>[\/et_pb_blurb][et_pb_blurb image=&#8221;https:\/\/darkslategray-tiger-275734.hostingersite.com\/wp-content\/uploads\/2024\/10\/file_open.svg&#8221; module_class=&#8221;card-horizontal card&#8211;bordered&#8221; _builder_version=&#8221;4.27.2&#8243; _module_preset=&#8221;default&#8221; hover_enabled=&#8221;0&#8243; locked=&#8221;off&#8221; global_colors_info=&#8221;{}&#8221; sticky_enabled=&#8221;0&#8243; link_option_url=&#8221;https:\/\/res.cloudinary.com\/concamin\/image\/upload\/v1567006034\/l7gttde7k3yaympisqkz.pdf&#8221; link_option_url_new_window=&#8221;on&#8221;]<\/p>\n<p>Informe Francisco Cervantes D\u00edaz 2018 &#8211; 2019<\/p>\n<p>[\/et_pb_blurb][\/et_pb_column][et_pb_column type=&#8221;1_2&#8243; _builder_version=&#8221;4.27.2&#8243; _module_preset=&#8221;default&#8221; global_colors_info=&#8221;{}&#8221;][et_pb_blurb image=&#8221;https:\/\/darkslategray-tiger-275734.hostingersite.com\/wp-content\/uploads\/2024\/10\/file_open.svg&#8221; module_class=&#8221;card-horizontal card&#8211;bordered&#8221; _builder_version=&#8221;4.27.2&#8243; _module_preset=&#8221;default&#8221; hover_enabled=&#8221;0&#8243; locked=&#8221;off&#8221; global_colors_info=&#8221;{}&#8221; sticky_enabled=&#8221;0&#8243; link_option_url=&#8221;https:\/\/res.cloudinary.com\/concamin\/image\/upload\/v1653071145\/bzdbgy0pegqczmi4mi85.pdf&#8221; link_option_url_new_window=&#8221;on&#8221;]<\/p>\n<p>Informe de Actividades \/ Septiembre 2021 &#8211; Marzo 2022 Jos\u00e9 Abugaber Andonie<\/p>\n<p>[\/et_pb_blurb][et_pb_blurb image=&#8221;https:\/\/darkslategray-tiger-275734.hostingersite.com\/wp-content\/uploads\/2024\/10\/file_open.svg&#8221; module_class=&#8221;card-horizontal card&#8211;bordered&#8221; _builder_version=&#8221;4.27.2&#8243; _module_preset=&#8221;default&#8221; hover_enabled=&#8221;0&#8243; locked=&#8221;off&#8221; global_colors_info=&#8221;{}&#8221; sticky_enabled=&#8221;0&#8243; link_option_url=&#8221;https:\/\/res.cloudinary.com\/concamin\/image\/upload\/v1635268051\/q7ceadaefvos1fsl4rvz.pdf&#8221; link_option_url_new_window=&#8221;on&#8221;]<\/p>\n<p>An\u00e1lisis de la Reforma Constitucional del Sector El\u00e9ctrico y sus Implicaciones<\/p>\n<p>[\/et_pb_blurb][et_pb_blurb image=&#8221;https:\/\/darkslategray-tiger-275734.hostingersite.com\/wp-content\/uploads\/2024\/10\/file_open.svg&#8221; module_class=&#8221;card-horizontal card&#8211;bordered&#8221; _builder_version=&#8221;4.27.2&#8243; _module_preset=&#8221;default&#8221; hover_enabled=&#8221;0&#8243; locked=&#8221;off&#8221; global_colors_info=&#8221;{}&#8221; sticky_enabled=&#8221;0&#8243; link_option_url=&#8221;https:\/\/res.cloudinary.com\/concamin\/image\/upload\/v1635266309\/dbvc5qd3d2or7mxvj4f2.png&#8221; link_option_url_new_window=&#8221;on&#8221;]<\/p>\n<p>Francisco Cervantes D\u00edaz Informe de Actividades 2018-2021<\/p>\n<p>[\/et_pb_blurb][et_pb_blurb image=&#8221;https:\/\/darkslategray-tiger-275734.hostingersite.com\/wp-content\/uploads\/2024\/10\/file_open.svg&#8221; module_class=&#8221;card-horizontal card&#8211;bordered&#8221; _builder_version=&#8221;4.27.2&#8243; _module_preset=&#8221;default&#8221; hover_enabled=&#8221;0&#8243; locked=&#8221;off&#8221; global_colors_info=&#8221;{}&#8221; sticky_enabled=&#8221;0&#8243; link_option_url=&#8221;https:\/\/res.cloudinary.com\/concamin\/image\/upload\/v1634604732\/izmlqfomoohibvu3np4d.pdf&#8221; link_option_url_new_window=&#8221;on&#8221;]<\/p>\n<p>Reporte Cigarros Ilegales en M\u00e9xico CONCAMIN 2021<\/p>\n<p>[\/et_pb_blurb][et_pb_blurb image=&#8221;https:\/\/darkslategray-tiger-275734.hostingersite.com\/wp-content\/uploads\/2024\/10\/file_open.svg&#8221; module_class=&#8221;card-horizontal card&#8211;bordered&#8221; _builder_version=&#8221;4.27.2&#8243; _module_preset=&#8221;default&#8221; hover_enabled=&#8221;0&#8243; locked=&#8221;off&#8221; global_colors_info=&#8221;{}&#8221; sticky_enabled=&#8221;0&#8243; link_option_url=&#8221;https:\/\/res.cloudinary.com\/concamin\/image\/upload\/v1623859648\/bfwrhlqgrwwvvdmdwd0j.pdf&#8221; link_option_url_new_window=&#8221;on&#8221;]<\/p>\n<p>Cat\u00e1logo 2020 Patentes UAM<\/p>\n<p>[\/et_pb_blurb][et_pb_blurb image=&#8221;https:\/\/darkslategray-tiger-275734.hostingersite.com\/wp-content\/uploads\/2024\/10\/file_open.svg&#8221; module_class=&#8221;card-horizontal card&#8211;bordered&#8221; _builder_version=&#8221;4.27.2&#8243; _module_preset=&#8221;default&#8221; hover_enabled=&#8221;0&#8243; locked=&#8221;off&#8221; global_colors_info=&#8221;{}&#8221; sticky_enabled=&#8221;0&#8243; link_option_url=&#8221;https:\/\/res.cloudinary.com\/concamin\/image\/upload\/v1621273118\/d5vkkvkkrltb11q8nksf.pdf&#8221; link_option_url_new_window=&#8221;on&#8221;]<\/p>\n<p>Econom\u00eda Mexicana<\/p>\n<p>[\/et_pb_blurb][et_pb_blurb image=&#8221;https:\/\/darkslategray-tiger-275734.hostingersite.com\/wp-content\/uploads\/2024\/10\/file_open.svg&#8221; module_class=&#8221;card-horizontal card&#8211;bordered&#8221; _builder_version=&#8221;4.27.2&#8243; _module_preset=&#8221;default&#8221; hover_enabled=&#8221;0&#8243; locked=&#8221;off&#8221; global_colors_info=&#8221;{}&#8221; sticky_enabled=&#8221;0&#8243; link_option_url=&#8221;https:\/\/res.cloudinary.com\/concamin\/image\/upload\/v1601421401\/bvw9sgxozrkibixougwq.pdf&#8221; link_option_url_new_window=&#8221;on&#8221;]<\/p>\n<p>CONCAMIN 2020<\/p>\n<p>[\/et_pb_blurb][et_pb_blurb image=&#8221;https:\/\/darkslategray-tiger-275734.hostingersite.com\/wp-content\/uploads\/2024\/10\/file_open.svg&#8221; module_class=&#8221;card-horizontal card&#8211;bordered&#8221; _builder_version=&#8221;4.27.2&#8243; _module_preset=&#8221;default&#8221; hover_enabled=&#8221;0&#8243; locked=&#8221;off&#8221; global_colors_info=&#8221;{}&#8221; sticky_enabled=&#8221;0&#8243; link_option_url=&#8221;https:\/\/res.cloudinary.com\/concamin\/image\/upload\/v1585938413\/e67hynyos2sbss5xf7kq.pdf&#8221; link_option_url_new_window=&#8221;on&#8221;]<\/p>\n<p>Protocolos de Contenci\u00f3n del Coronavirus en Obras de Construcci\u00f3n<\/p>\n<p>[\/et_pb_blurb][et_pb_blurb image=&#8221;https:\/\/darkslategray-tiger-275734.hostingersite.com\/wp-content\/uploads\/2024\/10\/file_open.svg&#8221; module_class=&#8221;card-horizontal card&#8211;bordered&#8221; _builder_version=&#8221;4.27.2&#8243; _module_preset=&#8221;default&#8221; hover_enabled=&#8221;0&#8243; locked=&#8221;off&#8221; global_colors_info=&#8221;{}&#8221; sticky_enabled=&#8221;0&#8243; link_option_url=&#8221;https:\/\/res.cloudinary.com\/concamin\/image\/upload\/v1584463449\/uujbtx3xin3tzcztdcdt.pdf&#8221; link_option_url_new_window=&#8221;on&#8221;]<\/p>\n<p>CONCAMIN Preparaci\u00f3n de los Sitios de Trabajo para el COVID-19 en el \u00c1mbito Industrial de M\u00e9xico<\/p>\n<p>[\/et_pb_blurb][et_pb_blurb image=&#8221;https:\/\/darkslategray-tiger-275734.hostingersite.com\/wp-content\/uploads\/2024\/10\/file_open.svg&#8221; module_class=&#8221;card-horizontal card&#8211;bordered&#8221; _builder_version=&#8221;4.27.2&#8243; _module_preset=&#8221;default&#8221; hover_enabled=&#8221;0&#8243; locked=&#8221;off&#8221; global_colors_info=&#8221;{}&#8221; sticky_enabled=&#8221;0&#8243;]<\/p>\n<p>Formato para C\u00e1maras y Asociaciones Premio EVI 18-2020<\/p>\n<p>[\/et_pb_blurb][et_pb_blurb image=&#8221;https:\/\/darkslategray-tiger-275734.hostingersite.com\/wp-content\/uploads\/2024\/10\/file_open.svg&#8221; module_class=&#8221;card-horizontal card&#8211;bordered&#8221; _builder_version=&#8221;4.27.2&#8243; _module_preset=&#8221;default&#8221; hover_enabled=&#8221;0&#8243; locked=&#8221;off&#8221; global_colors_info=&#8221;{}&#8221; sticky_enabled=&#8221;0&#8243; link_option_url=&#8221;https:\/\/res.cloudinary.com\/concamin\/image\/upload\/v1583422033\/i6vck1fzfiorwqhgz3lm.pdf&#8221; link_option_url_new_window=&#8221;on&#8221;]<\/p>\n<p>Convocatoria Premio \u00c9tica y Valores en la Industria 18-2020<\/p>\n<p>[\/et_pb_blurb][et_pb_blurb image=&#8221;https:\/\/darkslategray-tiger-275734.hostingersite.com\/wp-content\/uploads\/2024\/10\/file_open.svg&#8221; module_class=&#8221;card-horizontal card&#8211;bordered&#8221; _builder_version=&#8221;4.27.2&#8243; _module_preset=&#8221;default&#8221; hover_enabled=&#8221;0&#8243; locked=&#8221;off&#8221; global_colors_info=&#8221;{}&#8221; sticky_enabled=&#8221;0&#8243; link_option_url=&#8221;https:\/\/res.cloudinary.com\/concamin\/image\/upload\/v1567005752\/ubvfmvz5stpaqstr4t3v.pdf&#8221; link_option_url_new_window=&#8221;on&#8221;]<\/p>\n<p>Propuesta CONCAMIN-IDIC para el PND<\/p>\n<p>[\/et_pb_blurb][\/et_pb_column][\/et_pb_row][\/et_pb_section]<\/p>\n","protected":false},"excerpt":{"rendered":"<p>Biblioteca y recursosEn esta biblioteca encontrar\u00e1s contenido de inter\u00e9s con el cu\u00e1l podr\u00e1s extender tus conocimientos acerca de las industrias de M\u00e9xico y del mundo.Espacios Laborales Libres de ViolenciaPremio \u00c9tica y Valores en la Industria Vig\u00e9sima Primer Edici\u00f3nPremiados de la 20va Edici\u00f3n del Premio \u00c9tica y Valores en la IndustriaConvocatoria Premio \u00c9tica y Valores en [&hellip;]<\/p>\n","protected":false},"author":1,"featured_media":14,"parent":0,"menu_order":0,"comment_status":"closed","ping_status":"closed","template":"","meta":{"_et_pb_use_builder":"on","_et_pb_old_content":"","_et_gb_content_width":"","inline_featured_image":false,"footnotes":""},"class_list":["post-385","page","type-page","status-publish","has-post-thumbnail","hentry"],"rttpg_featured_image_url":{"full":["https:\/\/concamin.org.mx\/wp-content\/uploads\/2024\/10\/share.jpg",1251,876,false],"landscape":["https:\/\/concamin.org.mx\/wp-content\/uploads\/2024\/10\/share.jpg",1251,876,false],"portraits":["https:\/\/concamin.org.mx\/wp-content\/uploads\/2024\/10\/share.jpg",1251,876,false],"thumbnail":["https:\/\/concamin.org.mx\/wp-content\/uploads\/2024\/10\/share-150x150.jpg",150,150,true],"medium":["https:\/\/concamin.org.mx\/wp-content\/uploads\/2024\/10\/share-300x210.jpg",300,210,true],"large":["https:\/\/concamin.org.mx\/wp-content\/uploads\/2024\/10\/share-1024x717.jpg",1024,717,true],"1536x1536":["https:\/\/concamin.org.mx\/wp-content\/uploads\/2024\/10\/share.jpg",1251,876,false],"2048x2048":["https:\/\/concamin.org.mx\/wp-content\/uploads\/2024\/10\/share.jpg",1251,876,false],"et-pb-post-main-image":["https:\/\/concamin.org.mx\/wp-content\/uploads\/2024\/10\/share-400x250.jpg",400,250,true],"et-pb-post-main-image-fullwidth":["https:\/\/concamin.org.mx\/wp-content\/uploads\/2024\/10\/share-1080x675.jpg",1080,675,true],"et-pb-portfolio-image":["https:\/\/concamin.org.mx\/wp-content\/uploads\/2024\/10\/share-400x284.jpg",400,284,true],"et-pb-portfolio-module-image":["https:\/\/concamin.org.mx\/wp-content\/uploads\/2024\/10\/share-510x382.jpg",510,382,true],"et-pb-portfolio-image-single":["https:\/\/concamin.org.mx\/wp-content\/uploads\/2024\/10\/share-1080x756.jpg",1080,756,true],"et-pb-gallery-module-image-portrait":["https:\/\/concamin.org.mx\/wp-content\/uploads\/2024\/10\/share-400x516.jpg",400,516,true],"et-pb-post-main-image-fullwidth-large":["https:\/\/concamin.org.mx\/wp-content\/uploads\/2024\/10\/share.jpg",1251,876,false],"et-pb-image--responsive--desktop":["https:\/\/concamin.org.mx\/wp-content\/uploads\/2024\/10\/share.jpg",1028,720,false],"et-pb-image--responsive--tablet":["https:\/\/concamin.org.mx\/wp-content\/uploads\/2024\/10\/share-980x686.jpg",787,551,true],"et-pb-image--responsive--phone":["https:\/\/concamin.org.mx\/wp-content\/uploads\/2024\/10\/share-480x336.jpg",386,270,true],"yarpp-thumbnail":["https:\/\/concamin.org.mx\/wp-content\/uploads\/2024\/10\/share.jpg",120,84,false],"rt_custom":["https:\/\/concamin.org.mx\/wp-content\/uploads\/2024\/10\/share.jpg",1251,876,false]},"rttpg_author":{"display_name":"xdelvalle@siclip.com","author_link":"https:\/\/concamin.org.mx\/?author=1"},"rttpg_comment":0,"rttpg_category":null,"rttpg_excerpt":"Biblioteca y recursosEn esta biblioteca encontrar\u00e1s contenido de inter\u00e9s con el cu\u00e1l podr\u00e1s extender tus conocimientos acerca de las industrias de M\u00e9xico y del mundo.Espacios Laborales Libres de ViolenciaPremio \u00c9tica y Valores en la Industria Vig\u00e9sima Primer Edici\u00f3nPremiados de la 20va Edici\u00f3n del Premio \u00c9tica y Valores en la IndustriaConvocatoria Premio \u00c9tica y Valores en&hellip;","_links":{"self":[{"href":"https:\/\/concamin.org.mx\/index.php?rest_route=\/wp\/v2\/pages\/385","targetHints":{"allow":["GET"]}}],"collection":[{"href":"https:\/\/concamin.org.mx\/index.php?rest_route=\/wp\/v2\/pages"}],"about":[{"href":"https:\/\/concamin.org.mx\/index.php?rest_route=\/wp\/v2\/types\/page"}],"author":[{"embeddable":true,"href":"https:\/\/concamin.org.mx\/index.php?rest_route=\/wp\/v2\/users\/1"}],"replies":[{"embeddable":true,"href":"https:\/\/concamin.org.mx\/index.php?rest_route=%2Fwp%2Fv2%2Fcomments&post=385"}],"version-history":[{"count":8,"href":"https:\/\/concamin.org.mx\/index.php?rest_route=\/wp\/v2\/pages\/385\/revisions"}],"predecessor-version":[{"id":2772,"href":"https:\/\/concamin.org.mx\/index.php?rest_route=\/wp\/v2\/pages\/385\/revisions\/2772"}],"wp:featuredmedia":[{"embeddable":true,"href":"https:\/\/concamin.org.mx\/index.php?rest_route=\/wp\/v2\/media\/14"}],"wp:attachment":[{"href":"https:\/\/concamin.org.mx\/index.php?rest_route=%2Fwp%2Fv2%2Fmedia&parent=385"}],"curies":[{"name":"wp","href":"https:\/\/api.w.org\/{rel}","templated":true}]}}