{"id":345,"date":"2024-10-22T22:48:21","date_gmt":"2024-10-22T22:48:21","guid":{"rendered":"https:\/\/darkslategray-tiger-275734.hostingersite.com\/?page_id=345"},"modified":"2024-10-22T22:55:39","modified_gmt":"2024-10-22T22:55:39","slug":"eventos-y-actividades","status":"publish","type":"page","link":"https:\/\/concamin.org.mx\/?page_id=345","title":{"rendered":"Eventos y actividades"},"content":{"rendered":"<p>[et_pb_section fb_built=&#8221;1&#8243; module_class=&#8221;breadcrumbs&#8221; _builder_version=&#8221;4.27.2&#8243; _module_preset=&#8221;default&#8221; background_color=&#8221;#f8f7fa&#8221; global_colors_info=&#8221;{}&#8221; theme_builder_area=&#8221;post_content&#8221;][et_pb_row _builder_version=&#8221;4.27.2&#8243; _module_preset=&#8221;default&#8221; global_colors_info=&#8221;{}&#8221; theme_builder_area=&#8221;post_content&#8221;][et_pb_column type=&#8221;4_4&#8243; _builder_version=&#8221;4.27.2&#8243; _module_preset=&#8221;default&#8221; global_colors_info=&#8221;{}&#8221; theme_builder_area=&#8221;post_content&#8221;][et_pb_code _builder_version=&#8221;4.27.2&#8243; _module_preset=&#8221;default&#8221; hover_enabled=&#8221;0&#8243; global_colors_info=&#8221;{}&#8221; theme_builder_area=&#8221;post_content&#8221; sticky_enabled=&#8221;0&#8243;]<\/p>\n<div class=\"lwp-breadcrumbs\"><!-- [et_pb_line_break_holder] -->  <span typeof=\"BreadcrumbList\"><!-- [et_pb_line_break_holder] -->    <span property=\"itemListElement\" typeof=\"ListItem\"><!-- [et_pb_line_break_holder] -->      <a property=\"item\" typeof=\"WebPage\" href=\"\/\"><!-- [et_pb_line_break_holder] -->        <span property=\"name\">Inicio<\/span><!-- [et_pb_line_break_holder] -->      <\/a><!-- [et_pb_line_break_holder] -->    <\/span><!-- [et_pb_line_break_holder] -->    <span class=\"separator et-pb-icon\">5<\/span><!-- [et_pb_line_break_holder] -->    <span property=\"itemListElement\" typeof=\"ListItem\"><!-- [et_pb_line_break_holder] -->       <a property=\"item\" typeof=\"WebPage\" href=\"\/innovacion\/\"><!-- [et_pb_line_break_holder] -->      \t\t<span property=\"name\">Eventos e industria<\/span><!-- [et_pb_line_break_holder] -->        <\/a><!-- [et_pb_line_break_holder] -->    <\/span><!-- [et_pb_line_break_holder] -->   <!-- [et_pb_line_break_holder] -->    <span class=\"separator et-pb-icon\">5<\/span><!-- [et_pb_line_break_holder] -->    <span property=\"itemListElement\" typeof=\"ListItem\" class=\"current\"><!-- [et_pb_line_break_holder] -->      <a property=\"item\" typeof=\"WebPage\" href=\"\/eventos-y-actividades\/\"><!-- [et_pb_line_break_holder] -->       Eventos y actividades<!-- [et_pb_line_break_holder] -->      <\/a><!-- [et_pb_line_break_holder] -->    <\/span><!-- [et_pb_line_break_holder] -->  <\/span><!-- [et_pb_line_break_holder] --><\/div>\n<p>[\/et_pb_code][\/et_pb_column][\/et_pb_row][\/et_pb_section][et_pb_section fb_built=&#8221;1&#8243; module_class=&#8221;module&#8221; _builder_version=&#8221;4.27.2&#8243; _module_preset=&#8221;default&#8221; global_colors_info=&#8221;{}&#8221; theme_builder_area=&#8221;post_content&#8221;][et_pb_row _builder_version=&#8221;4.27.2&#8243; _module_preset=&#8221;default&#8221; custom_padding=&#8221;0px||0px||true|false&#8221; global_colors_info=&#8221;{}&#8221; theme_builder_area=&#8221;post_content&#8221;][et_pb_column type=&#8221;4_4&#8243; _builder_version=&#8221;4.27.2&#8243; _module_preset=&#8221;default&#8221; global_colors_info=&#8221;{}&#8221; theme_builder_area=&#8221;post_content&#8221;][et_pb_text _builder_version=&#8221;4.27.2&#8243; _module_preset=&#8221;default&#8221; hover_enabled=&#8221;0&#8243; global_colors_info=&#8221;{}&#8221; theme_builder_area=&#8221;post_content&#8221; sticky_enabled=&#8221;0&#8243;]<\/p>\n<h1>Eventos y actividades<\/h1>\n<p>[\/et_pb_text][\/et_pb_column][\/et_pb_row][et_pb_row custom_padding_last_edited=&#8221;on|phone&#8221; _builder_version=&#8221;4.27.2&#8243; _module_preset=&#8221;default&#8221; custom_padding=&#8221;60px||||false|false&#8221; custom_padding_tablet=&#8221;32px||||false|false&#8221; custom_padding_phone=&#8221;16px||||false|false&#8221; global_colors_info=&#8221;{}&#8221; theme_builder_area=&#8221;post_content&#8221;][et_pb_column type=&#8221;4_4&#8243; _builder_version=&#8221;4.27.2&#8243; _module_preset=&#8221;default&#8221; global_colors_info=&#8221;{}&#8221; theme_builder_area=&#8221;post_content&#8221;][et_pb_code module_class=&#8221;post-grid&#8221; _builder_version=&#8221;4.27.2&#8243; _module_preset=&#8221;default&#8221; hover_enabled=&#8221;0&#8243; global_colors_info=&#8221;{}&#8221; theme_builder_area=&#8221;post_content&#8221; sticky_enabled=&#8221;0&#8243;]<style type='text\/css' media='all'>#rt-tpg-container-3641883973 .rt-holder .rt-woo-info .price{color:#0367bf;}body .rt-tpg-container .rt-tpg-isotope-buttons .selected,\n\t\t\t\t\t#rt-tpg-container-3641883973 .layout12 .rt-holder:hover .rt-detail,\n\t\t\t\t\t#rt-tpg-container-3641883973 .isotope8 .rt-holder:hover .rt-detail,\n\t\t\t\t\t#rt-tpg-container-3641883973 .carousel8 .rt-holder:hover .rt-detail,\n\t\t\t\t\t#rt-tpg-container-3641883973 .layout13 .rt-holder .overlay .post-info,\n\t\t\t\t\t#rt-tpg-container-3641883973 .isotope9 .rt-holder .overlay .post-info,\n\t\t\t\t\t#rt-tpg-container-3641883973.rt-tpg-container .layout4 .rt-holder .rt-detail,\n\t\t\t\t\t.rt-modal-3641883973 .md-content,\n\t\t\t\t\t.rt-modal-3641883973 .md-content > .rt-md-content-holder .rt-md-content,\n\t\t\t\t\t.rt-popup-wrap-3641883973.rt-popup-wrap .rt-popup-navigation-wrap,\n\t\t\t\t\t#rt-tpg-container-3641883973 .carousel9 .rt-holder .overlay .post-info{background-color:#0367bf;}#rt-tpg-container-3641883973 .layout5 .rt-holder .overlay, #rt-tpg-container-3641883973 .isotope2 .rt-holder .overlay, #rt-tpg-container-3641883973 .carousel2 .rt-holder .overlay,#rt-tpg-container-3641883973 .layout15 .rt-holder h3, #rt-tpg-container-3641883973 .isotope11 .rt-holder h3, #rt-tpg-container-3641883973 .carousel11 .rt-holder h3, #rt-tpg-container-3641883973 .layout16 .rt-holder h3,\n\t\t\t\t\t#rt-tpg-container-3641883973 .isotope12 .rt-holder h3, #rt-tpg-container-3641883973 .carousel12 .rt-holder h3 {background-color:rgba(3,103,191,0.1);}#rt-tpg-container-3641883973 .read-more a{border-radius:px;}#rt-tpg-container-3641883973 .rt-img-holder img.rt-img-responsive,#rt-tpg-container-3641883973 .rt-img-holder,\n\t\t\t\t\t#rt-tpg-container-3641883973 .rt-post-overlay .post-img,\n\t\t\t\t\t#rt-tpg-container-3641883973 .post-sm .post-img,\n\t\t\t\t\t#rt-tpg-container-3641883973 .rt-post-grid .post-img,\n\t\t\t\t\t#rt-tpg-container-3641883973 .post-img img {border-radius:px;}<\/style><div class='rt-container-fluid rt-tpg-container tpg-shortcode-main-wrapper ' id='rt-tpg-container-3641883973'   data-layout='layout2' data-grid-style='even' data-desktop-col='1'  data-tab-col='1'  data-mobile-col='1' data-sc-id='354'><div class='rt-layout-filter-container rt-clear'><div class='rt-filter-wrap'><div class='rt-filter-item-wrap rt-tax-filter rt-filter-dropdown-wrap parent-dropdown-wrap' data-taxonomy='category'><span class=\"term-default rt-filter-dropdown-default\" data-term=\"all\">\n\t\t\t\t\t\t\t\t\t\t\t<span class=\"rt-text\">All<\/span>\n\t\t\t\t\t\t\t\t\t\t\t<i class=\"fa fa-angle-down rt-arrow-angle\" aria-hidden=\"true\"><\/i>\n\t\t\t\t\t\t\t\t\t\t<\/span><span class=\"term-dropdown rt-filter-dropdown\"><span class='term-dropdown-item rt-filter-dropdown-item' data-term='all'><span class='rt-text'>All<\/span><\/span><span class='term-dropdown-item rt-filter-dropdown-item' data-term='14'><span class='rt-text'>Eventos y actividades<\/span><\/span><\/span><\/div><div class=\"rt-filter-item-wrap rt-search-filter-wrap\"><input type=\"text\" class=\"rt-search-input\" placeholder=\"Search...\"><span class='rt-action'>&#128269;<\/span><span class='rt-loading'><\/span><\/div><\/div><\/div><div data-title='Loading ...' class='rt-row rt-content-loader   layout2 tpg-even '><div class=\"rt-col-md-12 rt-col-sm-12 rt-col-xs-12 even-grid-item rt-grid-item\" data-id=\"1433\"><div class=\"rt-holder\"><div class=\"rt-row\"><div class='rt-col-xs-12'><div class='rt-detail'><h3 class=\"entry-title\"><a data-id=\"1433\" class=\"\" href=\"https:\/\/concamin.org.mx\/?p=1433\">Sesi\u00f3n de Consejo Nacional del CCE<\/a><\/h3><div class='post-meta-user '><span class='date-meta'><i class='far fa-calendar-alt '><\/i>noviembre 3, 2024<\/span><span class='categories-links'><i class='fas fa-folder-open '><\/i><a class=\"eventos-y-actividades\" href=\"https:\/\/concamin.org.mx\/?cat=14\" rel=\"tag\">Eventos y actividades<\/a><\/span><\/div><div class='tpg-excerpt'>El Presidente de la Confederaci\u00f3n, Alejandro Malag\u00f3n, a nombre de los industriales, aprovech\u00f3 el foro para plantear algunas preguntas sobre el proceso electoral del 2 De Junio, en reuni\u00f3n con la Presidenta del INE Guadalupe Taddei, tambi\u00e9n reiter\u00f3 su apoyo para promover entre la industria el derecho al voto en...<\/div><span class='read-more '><a data-id='1433' class='' href='https:\/\/concamin.org.mx\/?p=1433'>Conoce m\u00e1s<\/a><\/span><\/div><\/div><\/div><\/div><\/div><div class=\"rt-col-md-12 rt-col-sm-12 rt-col-xs-12 even-grid-item rt-grid-item\" data-id=\"1437\"><div class=\"rt-holder\"><div class=\"rt-row\"><div class='rt-col-xs-12'><div class='rt-detail'><h3 class=\"entry-title\"><a data-id=\"1437\" class=\"\" href=\"https:\/\/concamin.org.mx\/?p=1437\">Reuni\u00f3n Anual de Industriales 2024<\/a><\/h3><div class='post-meta-user '><span class='date-meta'><i class='far fa-calendar-alt '><\/i>octubre 21, 2024<\/span><span class='categories-links'><i class='fas fa-folder-open '><\/i><a class=\"eventos-y-actividades\" href=\"https:\/\/concamin.org.mx\/?cat=14\" rel=\"tag\">Eventos y actividades<\/a><\/span><\/div><div class='tpg-excerpt'>La Reuni\u00f3n Anual de Industriales es el evento industrial m\u00e1s importante de M\u00e9xico. En la RAI participan los personajes m\u00e1s representativos de la vida econ\u00f3mica, pol\u00edtica y social de M\u00e9xico. Durante este encuentro se analizan los avances y retos del sector, pero sobre todo se formulan iniciativas y proyectos que...<\/div><span class='read-more '><a data-id='1437' class='' href='https:\/\/concamin.org.mx\/?p=1437'>Conoce m\u00e1s<\/a><\/span><\/div><\/div><\/div><\/div><\/div><\/div><div class='rt-pagination-wrap' data-total-pages='1' data-posts-per-page='9' data-type='pagination_ajax'  ><div class='rt-page-numbers'><\/div><\/div><\/div>[\/et_pb_code][\/et_pb_column][\/et_pb_row][\/et_pb_section]<\/p>\n","protected":false},"excerpt":{"rendered":"<p>[et_pb_section fb_built=&#8221;1&#8243; module_class=&#8221;breadcrumbs&#8221; _builder_version=&#8221;4.27.2&#8243; _module_preset=&#8221;default&#8221; background_color=&#8221;#f8f7fa&#8221; global_colors_info=&#8221;{}&#8221; theme_builder_area=&#8221;post_content&#8221;][et_pb_row _builder_version=&#8221;4.27.2&#8243; _module_preset=&#8221;default&#8221; global_colors_info=&#8221;{}&#8221; theme_builder_area=&#8221;post_content&#8221;][et_pb_column type=&#8221;4_4&#8243; _builder_version=&#8221;4.27.2&#8243; _module_preset=&#8221;default&#8221; global_colors_info=&#8221;{}&#8221; theme_builder_area=&#8221;post_content&#8221;][et_pb_code _builder_version=&#8221;4.27.2&#8243; _module_preset=&#8221;default&#8221; hover_enabled=&#8221;0&#8243; global_colors_info=&#8221;{}&#8221; theme_builder_area=&#8221;post_content&#8221; sticky_enabled=&#8221;0&#8243;] Inicio 5 Eventos e industria 5 Eventos y actividades [\/et_pb_code][\/et_pb_column][\/et_pb_row][\/et_pb_section][et_pb_section fb_built=&#8221;1&#8243; module_class=&#8221;module&#8221; _builder_version=&#8221;4.27.2&#8243; _module_preset=&#8221;default&#8221; global_colors_info=&#8221;{}&#8221; theme_builder_area=&#8221;post_content&#8221;][et_pb_row _builder_version=&#8221;4.27.2&#8243; _module_preset=&#8221;default&#8221; custom_padding=&#8221;0px||0px||true|false&#8221; global_colors_info=&#8221;{}&#8221; theme_builder_area=&#8221;post_content&#8221;][et_pb_column type=&#8221;4_4&#8243; _builder_version=&#8221;4.27.2&#8243; _module_preset=&#8221;default&#8221; global_colors_info=&#8221;{}&#8221; theme_builder_area=&#8221;post_content&#8221;][et_pb_text _builder_version=&#8221;4.27.2&#8243; _module_preset=&#8221;default&#8221; hover_enabled=&#8221;0&#8243; global_colors_info=&#8221;{}&#8221; theme_builder_area=&#8221;post_content&#8221; sticky_enabled=&#8221;0&#8243;] [&hellip;]<\/p>\n","protected":false},"author":1,"featured_media":14,"parent":0,"menu_order":0,"comment_status":"closed","ping_status":"closed","template":"","meta":{"_et_pb_use_builder":"on","_et_pb_old_content":"","_et_gb_content_width":"","inline_featured_image":false,"footnotes":""},"class_list":["post-345","page","type-page","status-publish","has-post-thumbnail","hentry"],"rttpg_featured_image_url":{"full":["https:\/\/concamin.org.mx\/wp-content\/uploads\/2024\/10\/share.jpg",1251,876,false],"landscape":["https:\/\/concamin.org.mx\/wp-content\/uploads\/2024\/10\/share.jpg",1251,876,false],"portraits":["https:\/\/concamin.org.mx\/wp-content\/uploads\/2024\/10\/share.jpg",1251,876,false],"thumbnail":["https:\/\/concamin.org.mx\/wp-content\/uploads\/2024\/10\/share-150x150.jpg",150,150,true],"medium":["https:\/\/concamin.org.mx\/wp-content\/uploads\/2024\/10\/share-300x210.jpg",300,210,true],"large":["https:\/\/concamin.org.mx\/wp-content\/uploads\/2024\/10\/share-1024x717.jpg",1024,717,true],"1536x1536":["https:\/\/concamin.org.mx\/wp-content\/uploads\/2024\/10\/share.jpg",1251,876,false],"2048x2048":["https:\/\/concamin.org.mx\/wp-content\/uploads\/2024\/10\/share.jpg",1251,876,false],"et-pb-post-main-image":["https:\/\/concamin.org.mx\/wp-content\/uploads\/2024\/10\/share-400x250.jpg",400,250,true],"et-pb-post-main-image-fullwidth":["https:\/\/concamin.org.mx\/wp-content\/uploads\/2024\/10\/share-1080x675.jpg",1080,675,true],"et-pb-portfolio-image":["https:\/\/concamin.org.mx\/wp-content\/uploads\/2024\/10\/share-400x284.jpg",400,284,true],"et-pb-portfolio-module-image":["https:\/\/concamin.org.mx\/wp-content\/uploads\/2024\/10\/share-510x382.jpg",510,382,true],"et-pb-portfolio-image-single":["https:\/\/concamin.org.mx\/wp-content\/uploads\/2024\/10\/share-1080x756.jpg",1080,756,true],"et-pb-gallery-module-image-portrait":["https:\/\/concamin.org.mx\/wp-content\/uploads\/2024\/10\/share-400x516.jpg",400,516,true],"et-pb-post-main-image-fullwidth-large":["https:\/\/concamin.org.mx\/wp-content\/uploads\/2024\/10\/share.jpg",1251,876,false],"et-pb-image--responsive--desktop":["https:\/\/concamin.org.mx\/wp-content\/uploads\/2024\/10\/share.jpg",1028,720,false],"et-pb-image--responsive--tablet":["https:\/\/concamin.org.mx\/wp-content\/uploads\/2024\/10\/share-980x686.jpg",787,551,true],"et-pb-image--responsive--phone":["https:\/\/concamin.org.mx\/wp-content\/uploads\/2024\/10\/share-480x336.jpg",386,270,true],"yarpp-thumbnail":["https:\/\/concamin.org.mx\/wp-content\/uploads\/2024\/10\/share.jpg",120,84,false],"rt_custom":["https:\/\/concamin.org.mx\/wp-content\/uploads\/2024\/10\/share.jpg",1251,876,false]},"rttpg_author":{"display_name":"xdelvalle@siclip.com","author_link":"https:\/\/concamin.org.mx\/?author=1"},"rttpg_comment":0,"rttpg_category":"","rttpg_excerpt":"[et_pb_section fb_built=&#8221;1&#8243; module_class=&#8221;breadcrumbs&#8221; _builder_version=&#8221;4.27.2&#8243; _module_preset=&#8221;default&#8221; background_color=&#8221;#f8f7fa&#8221; global_colors_info=&#8221;{}&#8221; theme_builder_area=&#8221;post_content&#8221;][et_pb_row _builder_version=&#8221;4.27.2&#8243; _module_preset=&#8221;default&#8221; global_colors_info=&#8221;{}&#8221; theme_builder_area=&#8221;post_content&#8221;][et_pb_column type=&#8221;4_4&#8243; _builder_version=&#8221;4.27.2&#8243; _module_preset=&#8221;default&#8221; global_colors_info=&#8221;{}&#8221; theme_builder_area=&#8221;post_content&#8221;][et_pb_code _builder_version=&#8221;4.27.2&#8243; _module_preset=&#8221;default&#8221; hover_enabled=&#8221;0&#8243; global_colors_info=&#8221;{}&#8221; theme_builder_area=&#8221;post_content&#8221; sticky_enabled=&#8221;0&#8243;] Inicio 5 Eventos e industria 5 Eventos y actividades [\/et_pb_code][\/et_pb_column][\/et_pb_row][\/et_pb_section][et_pb_section fb_built=&#8221;1&#8243; module_class=&#8221;module&#8221; _builder_version=&#8221;4.27.2&#8243; _module_preset=&#8221;default&#8221; global_colors_info=&#8221;{}&#8221; theme_builder_area=&#8221;post_content&#8221;][et_pb_row _builder_version=&#8221;4.27.2&#8243; _module_preset=&#8221;default&#8221; custom_padding=&#8221;0px||0px||true|false&#8221; global_colors_info=&#8221;{}&#8221; theme_builder_area=&#8221;post_content&#8221;][et_pb_column type=&#8221;4_4&#8243; _builder_version=&#8221;4.27.2&#8243; _module_preset=&#8221;default&#8221; global_colors_info=&#8221;{}&#8221; theme_builder_area=&#8221;post_content&#8221;][et_pb_text _builder_version=&#8221;4.27.2&#8243; _module_preset=&#8221;default&#8221; hover_enabled=&#8221;0&#8243; global_colors_info=&#8221;{}&#8221; theme_builder_area=&#8221;post_content&#8221; sticky_enabled=&#8221;0&#8243;]&hellip;","_links":{"self":[{"href":"https:\/\/concamin.org.mx\/index.php?rest_route=\/wp\/v2\/pages\/345","targetHints":{"allow":["GET"]}}],"collection":[{"href":"https:\/\/concamin.org.mx\/index.php?rest_route=\/wp\/v2\/pages"}],"about":[{"href":"https:\/\/concamin.org.mx\/index.php?rest_route=\/wp\/v2\/types\/page"}],"author":[{"embeddable":true,"href":"https:\/\/concamin.org.mx\/index.php?rest_route=\/wp\/v2\/users\/1"}],"replies":[{"embeddable":true,"href":"https:\/\/concamin.org.mx\/index.php?rest_route=%2Fwp%2Fv2%2Fcomments&post=345"}],"version-history":[{"count":4,"href":"https:\/\/concamin.org.mx\/index.php?rest_route=\/wp\/v2\/pages\/345\/revisions"}],"predecessor-version":[{"id":2735,"href":"https:\/\/concamin.org.mx\/index.php?rest_route=\/wp\/v2\/pages\/345\/revisions\/2735"}],"wp:featuredmedia":[{"embeddable":true,"href":"https:\/\/concamin.org.mx\/index.php?rest_route=\/wp\/v2\/media\/14"}],"wp:attachment":[{"href":"https:\/\/concamin.org.mx\/index.php?rest_route=%2Fwp%2Fv2%2Fmedia&parent=345"}],"curies":[{"name":"wp","href":"https:\/\/api.w.org\/{rel}","templated":true}]}}