{"id":273,"date":"2024-10-22T19:59:07","date_gmt":"2024-10-22T19:59:07","guid":{"rendered":"https:\/\/darkslategray-tiger-275734.hostingersite.com\/?page_id=273"},"modified":"2025-09-04T22:18:30","modified_gmt":"2025-09-04T22:18:30","slug":"industria-4-0","status":"publish","type":"page","link":"https:\/\/concamin.org.mx\/?page_id=273","title":{"rendered":"Industria 4.0"},"content":{"rendered":"<p>[et_pb_section fb_built=&#8221;1&#8243; module_class=&#8221;breadcrumbs&#8221; _builder_version=&#8221;4.27.2&#8243; _module_preset=&#8221;default&#8221; background_color=&#8221;#f8f7fa&#8221; global_colors_info=&#8221;{}&#8221;][et_pb_row _builder_version=&#8221;4.27.2&#8243; _module_preset=&#8221;default&#8221; global_colors_info=&#8221;{}&#8221;][et_pb_column type=&#8221;4_4&#8243; _builder_version=&#8221;4.27.2&#8243; _module_preset=&#8221;default&#8221; global_colors_info=&#8221;{}&#8221;][et_pb_code _builder_version=&#8221;4.27.2&#8243; _module_preset=&#8221;default&#8221; global_colors_info=&#8221;{}&#8221;]<\/p>\n<div class=\"lwp-breadcrumbs\"><!-- [et_pb_line_break_holder] -->  <span typeof=\"BreadcrumbList\"><!-- [et_pb_line_break_holder] -->    <span property=\"itemListElement\" typeof=\"ListItem\"><!-- [et_pb_line_break_holder] -->      <a property=\"item\" typeof=\"WebPage\" href=\"\/\"><!-- [et_pb_line_break_holder] -->        <span property=\"name\">Inicio<\/span><!-- [et_pb_line_break_holder] -->      <\/a><!-- [et_pb_line_break_holder] -->    <\/span><!-- [et_pb_line_break_holder] -->    <span class=\"separator et-pb-icon\">5<\/span><!-- [et_pb_line_break_holder] -->    <span property=\"itemListElement\" typeof=\"ListItem\"><!-- [et_pb_line_break_holder] -->       <a property=\"item\" typeof=\"WebPage\" href=\"\/comisiones-de-trabajo\/\"><!-- [et_pb_line_break_holder] -->      \t\t<span property=\"name\">Afiliados<\/span><!-- [et_pb_line_break_holder] -->        <\/a><!-- [et_pb_line_break_holder] -->    <\/span><!-- [et_pb_line_break_holder] -->   <!-- [et_pb_line_break_holder] -->    <span class=\"separator et-pb-icon\">5<\/span><!-- [et_pb_line_break_holder] -->    <span property=\"itemListElement\" typeof=\"ListItem\" class=\"current\"><!-- [et_pb_line_break_holder] -->      <a property=\"item\" typeof=\"WebPage\" href=\"\/industria-4-0\/\"><!-- [et_pb_line_break_holder] -->       Industria 4.0<!-- [et_pb_line_break_holder] -->      <\/a><!-- [et_pb_line_break_holder] -->    <\/span><!-- [et_pb_line_break_holder] -->  <\/span><!-- [et_pb_line_break_holder] --><\/div>\n<p>[\/et_pb_code][\/et_pb_column][\/et_pb_row][\/et_pb_section][et_pb_section fb_built=&#8221;1&#8243; module_class=&#8221;module&#8221; _builder_version=&#8221;4.27.2&#8243; _module_preset=&#8221;default&#8221; global_colors_info=&#8221;{}&#8221;][et_pb_row _builder_version=&#8221;4.27.2&#8243; _module_preset=&#8221;default&#8221; custom_padding=&#8221;0px||||false|false&#8221; global_colors_info=&#8221;{}&#8221;][et_pb_column type=&#8221;4_4&#8243; _builder_version=&#8221;4.27.2&#8243; _module_preset=&#8221;default&#8221; global_colors_info=&#8221;{}&#8221;][et_pb_text _builder_version=&#8221;4.27.2&#8243; _module_preset=&#8221;default&#8221; custom_padding=&#8221;||32px||false|false&#8221; custom_padding_tablet=&#8221;||24px||false|false&#8221; custom_padding_phone=&#8221;||16px||false|false&#8221; custom_padding_last_edited=&#8221;on|phone&#8221; global_colors_info=&#8221;{}&#8221;]<\/p>\n<h1 style=\"text-align: center;\">Industria 4.0<\/h1>\n<p>[\/et_pb_text][et_pb_text _builder_version=&#8221;4.27.2&#8243; _module_preset=&#8221;default&#8221; max_width=&#8221;540px&#8221; module_alignment=&#8221;center&#8221; global_colors_info=&#8221;{}&#8221;]<\/p>\n<p><strong>La nueva industria del siglo XXI<\/strong><\/p>\n<p style=\"text-align: justify;\">La cuarta revoluci\u00f3n industrial ha llegado de la mano de la digitalizaci\u00f3n y la automatizaci\u00f3n de la manufactura mediante infraestructura ciberf\u00edsica. El mundo ha comenzado a converger con la interconexi\u00f3n de los dispositivos digitales y ha transformado la forma en la que vivimos y nos relacionamos con el ambiente y con nosotros mismos como seres humanos.<\/p>\n<p style=\"text-align: justify;\">Las nuevas oportunidades que se nos presentan como Industria tambi\u00e9n involucran grandes retos que debemos superar a nivel nacional e internacional por igual. De esta manera, CONCAMIN busca ayudar a nutrir las bases sobre las cuales se desarrollar\u00e1n las nuevas t\u00e9cnicas industriales.<\/p>\n<p>[\/et_pb_text][\/et_pb_column][\/et_pb_row][et_pb_row column_structure=&#8221;1_4,1_4,1_4,1_4&#8243; module_class=&#8221;card-number-grid&#8221; _builder_version=&#8221;4.27.2&#8243; _module_preset=&#8221;default&#8221; global_colors_info=&#8221;{}&#8221;][et_pb_column type=&#8221;1_4&#8243; _builder_version=&#8221;4.27.2&#8243; _module_preset=&#8221;default&#8221; global_colors_info=&#8221;{}&#8221;][et_pb_blurb title=&#8221;Mecanizaci\u00f3n&#8221; image=&#8221;https:\/\/darkslategray-tiger-275734.hostingersite.com\/wp-content\/uploads\/2024\/10\/industria-4.jpg&#8221; module_class=&#8221;card-new card&#8211;number&#8221; _builder_version=&#8221;4.27.2&#8243; _module_preset=&#8221;default&#8221; global_colors_info=&#8221;{}&#8221;]<\/p>\n<p><strong>Primera<\/strong> revoluci\u00f3n industrial<\/p>\n<p>[\/et_pb_blurb][\/et_pb_column][et_pb_column type=&#8221;1_4&#8243; _builder_version=&#8221;4.27.2&#8243; _module_preset=&#8221;default&#8221; global_colors_info=&#8221;{}&#8221;][et_pb_blurb title=&#8221;producci\u00f3n en masa&#8221; image=&#8221;https:\/\/darkslategray-tiger-275734.hostingersite.com\/wp-content\/uploads\/2024\/10\/industria-1.jpg&#8221; module_class=&#8221;card-new card&#8211;number&#8221; _builder_version=&#8221;4.27.2&#8243; _module_preset=&#8221;default&#8221; global_colors_info=&#8221;{}&#8221;]<\/p>\n<p><strong>Segunda<\/strong> revoluci\u00f3n industrial<\/p>\n<p>[\/et_pb_blurb][\/et_pb_column][et_pb_column type=&#8221;1_4&#8243; _builder_version=&#8221;4.27.2&#8243; _module_preset=&#8221;default&#8221; global_colors_info=&#8221;{}&#8221;][et_pb_blurb title=&#8221;Automatizaci\u00f3n&#8221; image=&#8221;https:\/\/darkslategray-tiger-275734.hostingersite.com\/wp-content\/uploads\/2024\/10\/industria-2.jpg&#8221; module_class=&#8221;card-new card&#8211;number&#8221; _builder_version=&#8221;4.27.2&#8243; _module_preset=&#8221;default&#8221; global_colors_info=&#8221;{}&#8221;]<\/p>\n<p><strong>Tercera<\/strong> revoluci\u00f3n industrial<\/p>\n<p>[\/et_pb_blurb][\/et_pb_column][et_pb_column type=&#8221;1_4&#8243; _builder_version=&#8221;4.27.2&#8243; _module_preset=&#8221;default&#8221; global_colors_info=&#8221;{}&#8221;][et_pb_blurb title=&#8221;DIGITALIZACI\u00d3N Y SERVICIOS&#8221; image=&#8221;https:\/\/darkslategray-tiger-275734.hostingersite.com\/wp-content\/uploads\/2024\/10\/industria-3.jpg&#8221; module_class=&#8221;card-new card&#8211;number&#8221; _builder_version=&#8221;4.27.2&#8243; _module_preset=&#8221;default&#8221; global_colors_info=&#8221;{}&#8221;]<\/p>\n<p><strong>Cuarta<\/strong> revoluci\u00f3n industrial<\/p>\n<p>[\/et_pb_blurb][\/et_pb_column][\/et_pb_row][\/et_pb_section][et_pb_section fb_built=&#8221;1&#8243; custom_padding_last_edited=&#8221;on|phone&#8221; module_class=&#8221;module&#8221; _builder_version=&#8221;4.27.2&#8243; _module_preset=&#8221;default&#8221; custom_padding_tablet=&#8221;&#8221; custom_padding_phone=&#8221;0px||||false|false&#8221; global_colors_info=&#8221;{}&#8221;][et_pb_row column_structure=&#8221;1_2,1_2&#8243; module_class=&#8221;center-row&#8221; _builder_version=&#8221;4.27.2&#8243; _module_preset=&#8221;default&#8221; custom_padding=&#8221;0px||0px||true|false&#8221; global_colors_info=&#8221;{}&#8221;][et_pb_column type=&#8221;1_2&#8243; _builder_version=&#8221;4.27.2&#8243; _module_preset=&#8221;default&#8221; global_colors_info=&#8221;{}&#8221;][et_pb_text module_class=&#8221;h1 header-title&#8221; _builder_version=&#8221;4.27.2&#8243; _module_preset=&#8221;default&#8221; global_colors_info=&#8221;{}&#8221;]<\/p>\n<h2>\u00bfQu\u00e9 <strong>implicaciones<\/strong> tiene?<\/h2>\n<p>[\/et_pb_text][et_pb_text _builder_version=&#8221;4.27.2&#8243; _module_preset=&#8221;default&#8221; global_colors_info=&#8221;{}&#8221;]<\/p>\n<p style=\"text-align: justify;\">La Industria 4.0 rompe paradigmas al crear nuevos conceptos de producci\u00f3n y control. Se establece una nueva directriz que tiene como resultado la creaci\u00f3n de productos y maquinaria inteligentes, adem\u00e1s de una interconexi\u00f3n in\u00e9dita de instalaciones y sistemas computarizados.<\/p>\n<p>[\/et_pb_text][\/et_pb_column][et_pb_column type=&#8221;1_2&#8243; _builder_version=&#8221;4.27.2&#8243; _module_preset=&#8221;default&#8221; border_color_left=&#8221;#aca8b3&#8243; border_width_all_tablet=&#8221;&#8221; border_width_all_phone=&#8221;&#8221; border_width_all_last_edited=&#8221;on|tablet&#8221; border_width_top_last_edited=&#8221;off|tablet&#8221; border_width_left_tablet=&#8221;0px&#8221; border_width_left_phone=&#8221;0px&#8221; border_width_left_last_edited=&#8221;on|tablet&#8221; global_colors_info=&#8221;{}&#8221;][et_pb_code module_class=&#8221;chart-code&#8221; _builder_version=&#8221;4.27.2&#8243; _module_preset=&#8221;default&#8221; global_colors_info=&#8221;{}&#8221;]<canvas id=\"pieChart\" width=\"350\" height=\"350\" data-one=\"42\" data-two=\"58\"><\/canvas><!-- [et_pb_line_break_holder] -->[\/et_pb_code][\/et_pb_column][\/et_pb_row][\/et_pb_section]<\/p>\n","protected":false},"excerpt":{"rendered":"<p>Industria 4.0La nueva industria del siglo XXI La cuarta revoluci\u00f3n industrial ha llegado de la mano de la digitalizaci\u00f3n y la automatizaci\u00f3n de la manufactura mediante infraestructura ciberf\u00edsica. El mundo ha comenzado a converger con la interconexi\u00f3n de los dispositivos digitales y ha transformado la forma en la que vivimos y nos relacionamos con el [&hellip;]<\/p>\n","protected":false},"author":1,"featured_media":14,"parent":0,"menu_order":0,"comment_status":"closed","ping_status":"closed","template":"","meta":{"_et_pb_use_builder":"on","_et_pb_old_content":"","_et_gb_content_width":"","inline_featured_image":false,"footnotes":""},"class_list":["post-273","page","type-page","status-publish","has-post-thumbnail","hentry"],"rttpg_featured_image_url":{"full":["https:\/\/concamin.org.mx\/wp-content\/uploads\/2024\/10\/share.jpg",1251,876,false],"landscape":["https:\/\/concamin.org.mx\/wp-content\/uploads\/2024\/10\/share.jpg",1251,876,false],"portraits":["https:\/\/concamin.org.mx\/wp-content\/uploads\/2024\/10\/share.jpg",1251,876,false],"thumbnail":["https:\/\/concamin.org.mx\/wp-content\/uploads\/2024\/10\/share-150x150.jpg",150,150,true],"medium":["https:\/\/concamin.org.mx\/wp-content\/uploads\/2024\/10\/share-300x210.jpg",300,210,true],"large":["https:\/\/concamin.org.mx\/wp-content\/uploads\/2024\/10\/share-1024x717.jpg",1024,717,true],"1536x1536":["https:\/\/concamin.org.mx\/wp-content\/uploads\/2024\/10\/share.jpg",1251,876,false],"2048x2048":["https:\/\/concamin.org.mx\/wp-content\/uploads\/2024\/10\/share.jpg",1251,876,false],"et-pb-post-main-image":["https:\/\/concamin.org.mx\/wp-content\/uploads\/2024\/10\/share-400x250.jpg",400,250,true],"et-pb-post-main-image-fullwidth":["https:\/\/concamin.org.mx\/wp-content\/uploads\/2024\/10\/share-1080x675.jpg",1080,675,true],"et-pb-portfolio-image":["https:\/\/concamin.org.mx\/wp-content\/uploads\/2024\/10\/share-400x284.jpg",400,284,true],"et-pb-portfolio-module-image":["https:\/\/concamin.org.mx\/wp-content\/uploads\/2024\/10\/share-510x382.jpg",510,382,true],"et-pb-portfolio-image-single":["https:\/\/concamin.org.mx\/wp-content\/uploads\/2024\/10\/share-1080x756.jpg",1080,756,true],"et-pb-gallery-module-image-portrait":["https:\/\/concamin.org.mx\/wp-content\/uploads\/2024\/10\/share-400x516.jpg",400,516,true],"et-pb-post-main-image-fullwidth-large":["https:\/\/concamin.org.mx\/wp-content\/uploads\/2024\/10\/share.jpg",1251,876,false],"et-pb-image--responsive--desktop":["https:\/\/concamin.org.mx\/wp-content\/uploads\/2024\/10\/share.jpg",1028,720,false],"et-pb-image--responsive--tablet":["https:\/\/concamin.org.mx\/wp-content\/uploads\/2024\/10\/share-980x686.jpg",787,551,true],"et-pb-image--responsive--phone":["https:\/\/concamin.org.mx\/wp-content\/uploads\/2024\/10\/share-480x336.jpg",386,270,true],"yarpp-thumbnail":["https:\/\/concamin.org.mx\/wp-content\/uploads\/2024\/10\/share.jpg",120,84,false],"rt_custom":["https:\/\/concamin.org.mx\/wp-content\/uploads\/2024\/10\/share.jpg",1251,876,false]},"rttpg_author":{"display_name":"xdelvalle@siclip.com","author_link":"https:\/\/concamin.org.mx\/?author=1"},"rttpg_comment":0,"rttpg_category":null,"rttpg_excerpt":"Industria 4.0La nueva industria del siglo XXI La cuarta revoluci\u00f3n industrial ha llegado de la mano de la digitalizaci\u00f3n y la automatizaci\u00f3n de la manufactura mediante infraestructura ciberf\u00edsica. El mundo ha comenzado a converger con la interconexi\u00f3n de los dispositivos digitales y ha transformado la forma en la que vivimos y nos relacionamos con el&hellip;","_links":{"self":[{"href":"https:\/\/concamin.org.mx\/index.php?rest_route=\/wp\/v2\/pages\/273","targetHints":{"allow":["GET"]}}],"collection":[{"href":"https:\/\/concamin.org.mx\/index.php?rest_route=\/wp\/v2\/pages"}],"about":[{"href":"https:\/\/concamin.org.mx\/index.php?rest_route=\/wp\/v2\/types\/page"}],"author":[{"embeddable":true,"href":"https:\/\/concamin.org.mx\/index.php?rest_route=\/wp\/v2\/users\/1"}],"replies":[{"embeddable":true,"href":"https:\/\/concamin.org.mx\/index.php?rest_route=%2Fwp%2Fv2%2Fcomments&post=273"}],"version-history":[{"count":14,"href":"https:\/\/concamin.org.mx\/index.php?rest_route=\/wp\/v2\/pages\/273\/revisions"}],"predecessor-version":[{"id":2638,"href":"https:\/\/concamin.org.mx\/index.php?rest_route=\/wp\/v2\/pages\/273\/revisions\/2638"}],"wp:featuredmedia":[{"embeddable":true,"href":"https:\/\/concamin.org.mx\/index.php?rest_route=\/wp\/v2\/media\/14"}],"wp:attachment":[{"href":"https:\/\/concamin.org.mx\/index.php?rest_route=%2Fwp%2Fv2%2Fmedia&parent=273"}],"curies":[{"name":"wp","href":"https:\/\/api.w.org\/{rel}","templated":true}]}}