{"id":260,"date":"2024-10-22T19:30:42","date_gmt":"2024-10-22T19:30:42","guid":{"rendered":"https:\/\/darkslategray-tiger-275734.hostingersite.com\/?page_id=260"},"modified":"2024-11-03T04:59:14","modified_gmt":"2024-11-03T04:59:14","slug":"camaras-y-asociaciones","status":"publish","type":"page","link":"https:\/\/concamin.org.mx\/?page_id=260","title":{"rendered":"C\u00e1maras y asociaciones"},"content":{"rendered":"<p>[et_pb_section fb_built=&#8221;1&#8243; module_class=&#8221;breadcrumbs&#8221; _builder_version=&#8221;4.27.2&#8243; _module_preset=&#8221;default&#8221; background_color=&#8221;#f8f7fa&#8221; global_colors_info=&#8221;{}&#8221;][et_pb_row _builder_version=&#8221;4.27.2&#8243; _module_preset=&#8221;default&#8221; global_colors_info=&#8221;{}&#8221;][et_pb_column type=&#8221;4_4&#8243; _builder_version=&#8221;4.27.2&#8243; _module_preset=&#8221;default&#8221; global_colors_info=&#8221;{}&#8221;][et_pb_code _builder_version=&#8221;4.27.2&#8243; _module_preset=&#8221;default&#8221; global_colors_info=&#8221;{}&#8221;]<\/p>\n<div class=\"lwp-breadcrumbs\"><!-- [et_pb_line_break_holder] -->  <span typeof=\"BreadcrumbList\"><!-- [et_pb_line_break_holder] -->    <span property=\"itemListElement\" typeof=\"ListItem\"><!-- [et_pb_line_break_holder] -->      <a property=\"item\" typeof=\"WebPage\" href=\"\/\"><!-- [et_pb_line_break_holder] -->        <span property=\"name\">Inicio<\/span><!-- [et_pb_line_break_holder] -->      <\/a><!-- [et_pb_line_break_holder] -->    <\/span><!-- [et_pb_line_break_holder] -->    <span class=\"separator et-pb-icon\">5<\/span><!-- [et_pb_line_break_holder] -->    <span property=\"itemListElement\" typeof=\"ListItem\"><!-- [et_pb_line_break_holder] -->       <a property=\"item\" typeof=\"WebPage\" href=\"\/comisiones-de-trabajo\/\"><!-- [et_pb_line_break_holder] -->      \t\t<span property=\"name\">Afiliados<\/span><!-- [et_pb_line_break_holder] -->        <\/a><!-- [et_pb_line_break_holder] -->    <\/span><!-- [et_pb_line_break_holder] -->   <!-- [et_pb_line_break_holder] -->    <span class=\"separator et-pb-icon\">5<\/span><!-- [et_pb_line_break_holder] -->    <span property=\"itemListElement\" typeof=\"ListItem\" class=\"current\"><!-- [et_pb_line_break_holder] -->      <a property=\"item\" typeof=\"WebPage\" href=\"\/ccamaras-y-asociaciones\/\"><!-- [et_pb_line_break_holder] -->       C\u00e1maras y asociaciones<!-- [et_pb_line_break_holder] -->      <\/a><!-- [et_pb_line_break_holder] -->    <\/span><!-- [et_pb_line_break_holder] -->  <\/span><!-- [et_pb_line_break_holder] --><\/div>\n<p>[\/et_pb_code][\/et_pb_column][\/et_pb_row][\/et_pb_section][et_pb_section fb_built=&#8221;1&#8243; module_class=&#8221;module&#8221; _builder_version=&#8221;4.27.2&#8243; _module_preset=&#8221;default&#8221; global_colors_info=&#8221;{}&#8221;][et_pb_row _builder_version=&#8221;4.27.2&#8243; _module_preset=&#8221;default&#8221; custom_padding=&#8221;0px||0px||true|false&#8221; global_colors_info=&#8221;{}&#8221;][et_pb_column type=&#8221;4_4&#8243; _builder_version=&#8221;4.27.2&#8243; _module_preset=&#8221;default&#8221; global_colors_info=&#8221;{}&#8221;][et_pb_text _builder_version=&#8221;4.27.2&#8243; _module_preset=&#8221;default&#8221; global_colors_info=&#8221;{}&#8221;]<\/p>\n<h1>C\u00e1maras y asociaciones<\/h1>\n<p>[\/et_pb_text][\/et_pb_column][\/et_pb_row][et_pb_row custom_padding_last_edited=&#8221;on|phone&#8221; _builder_version=&#8221;4.27.2&#8243; _module_preset=&#8221;default&#8221; custom_padding=&#8221;60px||||false|false&#8221; custom_padding_tablet=&#8221;32px||||false|false&#8221; custom_padding_phone=&#8221;16px||||false|false&#8221; global_colors_info=&#8221;{}&#8221;][et_pb_column type=&#8221;4_4&#8243; _builder_version=&#8221;4.27.2&#8243; _module_preset=&#8221;default&#8221; global_colors_info=&#8221;{}&#8221;][et_pb_code module_class=&#8221;post-grid grid&#8211;link post&#8211;camaras&#8221; _builder_version=&#8221;4.27.2&#8243; _module_preset=&#8221;default&#8221; hover_enabled=&#8221;0&#8243; global_colors_info=&#8221;{}&#8221; sticky_enabled=&#8221;0&#8243;]<style type='text\/css' media='all'>#rt-tpg-container-3689822199 .rt-holder .rt-woo-info .price{color:#0367bf;}body .rt-tpg-container .rt-tpg-isotope-buttons .selected,\n\t\t\t\t\t#rt-tpg-container-3689822199 .layout12 .rt-holder:hover .rt-detail,\n\t\t\t\t\t#rt-tpg-container-3689822199 .isotope8 .rt-holder:hover .rt-detail,\n\t\t\t\t\t#rt-tpg-container-3689822199 .carousel8 .rt-holder:hover .rt-detail,\n\t\t\t\t\t#rt-tpg-container-3689822199 .layout13 .rt-holder .overlay .post-info,\n\t\t\t\t\t#rt-tpg-container-3689822199 .isotope9 .rt-holder .overlay .post-info,\n\t\t\t\t\t#rt-tpg-container-3689822199.rt-tpg-container .layout4 .rt-holder .rt-detail,\n\t\t\t\t\t.rt-modal-3689822199 .md-content,\n\t\t\t\t\t.rt-modal-3689822199 .md-content > .rt-md-content-holder .rt-md-content,\n\t\t\t\t\t.rt-popup-wrap-3689822199.rt-popup-wrap .rt-popup-navigation-wrap,\n\t\t\t\t\t#rt-tpg-container-3689822199 .carousel9 .rt-holder .overlay .post-info{background-color:#0367bf;}#rt-tpg-container-3689822199 .layout5 .rt-holder .overlay, #rt-tpg-container-3689822199 .isotope2 .rt-holder .overlay, #rt-tpg-container-3689822199 .carousel2 .rt-holder .overlay,#rt-tpg-container-3689822199 .layout15 .rt-holder h3, #rt-tpg-container-3689822199 .isotope11 .rt-holder h3, #rt-tpg-container-3689822199 .carousel11 .rt-holder h3, #rt-tpg-container-3689822199 .layout16 .rt-holder h3,\n\t\t\t\t\t#rt-tpg-container-3689822199 .isotope12 .rt-holder h3, #rt-tpg-container-3689822199 .carousel12 .rt-holder h3 {background-color:rgba(3,103,191,0.1);}#rt-tpg-container-3689822199 .read-more a{border-radius:px;}#rt-tpg-container-3689822199 .rt-img-holder img.rt-img-responsive,#rt-tpg-container-3689822199 .rt-img-holder,\n\t\t\t\t\t#rt-tpg-container-3689822199 .rt-post-overlay .post-img,\n\t\t\t\t\t#rt-tpg-container-3689822199 .post-sm .post-img,\n\t\t\t\t\t#rt-tpg-container-3689822199 .rt-post-grid .post-img,\n\t\t\t\t\t#rt-tpg-container-3689822199 .post-img img {border-radius:px;}<\/style><div class='rt-container-fluid rt-tpg-container tpg-shortcode-main-wrapper ' id='rt-tpg-container-3689822199'   data-layout='layout2' data-grid-style='even' data-desktop-col='1'  data-tab-col='1'  data-mobile-col='1' data-sc-id='258'><div class='rt-layout-filter-container rt-clear'><div class='rt-filter-wrap'><div class=\"rt-filter-item-wrap rt-search-filter-wrap\"><input type=\"text\" class=\"rt-search-input\" placeholder=\"Search...\"><span class='rt-action'>&#128269;<\/span><span class='rt-loading'><\/span><\/div><\/div><\/div><div data-title='Loading ...' class='rt-row rt-content-loader   layout2 tpg-even '><div class=\"rt-col-md-12 rt-col-sm-12 rt-col-xs-12 even-grid-item rt-grid-item\" data-id=\"878\"><div class=\"rt-holder\"><div class=\"rt-row\"><div class='rt-col-sm-4 rt-col-xs-12 '><div class=\"rt-img-holder\"><a data-id='878' class=' disabled' href='https:\/\/concamin.org.mx\/?p=878'><img loading=\"lazy\" decoding=\"async\" width=\"396\" height=\"471\" src=\"https:\/\/concamin.org.mx\/wp-content\/uploads\/2024\/11\/gs78uofohgiqup6ecj6l.jpg\" class=\"rt-img-responsive \" alt=\"\" srcset=\"https:\/\/concamin.org.mx\/wp-content\/uploads\/2024\/11\/gs78uofohgiqup6ecj6l.jpg 396w, https:\/\/concamin.org.mx\/wp-content\/uploads\/2024\/11\/gs78uofohgiqup6ecj6l-252x300.jpg 252w\" sizes=\"(max-width: 396px) 100vw, 396px\" \/><\/a><\/div><\/div><div class='rt-col-sm-8 rt-col-xs-12 '><div class='rt-detail'><h3 class=\"entry-title\"><a data-id=\"878\" class=\" disabled\" href=\"https:\/\/concamin.org.mx\/?p=878\">AFAG<\/a><\/h3><div class='tpg-excerpt'>Organismo de representaci\u00f3n industrial que integra a empresas fabricantes de grenetinas y sus derivados.\n\nConoce m\u00e1s en:\nwww.concamin.org.mx<\/div><\/div><\/div><\/div><\/div><\/div><div class=\"rt-col-md-12 rt-col-sm-12 rt-col-xs-12 even-grid-item rt-grid-item\" data-id=\"813\"><div class=\"rt-holder\"><div class=\"rt-row\"><div class='rt-col-sm-4 rt-col-xs-12 '><div class=\"rt-img-holder\"><a data-id='813' class=' disabled' href='https:\/\/concamin.org.mx\/?p=813'><img loading=\"lazy\" decoding=\"async\" width=\"259\" height=\"194\" src=\"https:\/\/concamin.org.mx\/wp-content\/uploads\/2024\/11\/b3va1vn95metldyheddg.png\" class=\"rt-img-responsive \" alt=\"\" \/><\/a><\/div><\/div><div class='rt-col-sm-8 rt-col-xs-12 '><div class='rt-detail'><h3 class=\"entry-title\"><a data-id=\"813\" class=\" disabled\" href=\"https:\/\/concamin.org.mx\/?p=813\">AIEMAC<\/a><\/h3><div class='tpg-excerpt'>Organismo de representaci\u00f3n industrial que agrupa empresas del Estado de Michoac\u00e1n.\n\nConoce m\u00e1s en:\nwww.aiemac.org.mx<\/div><\/div><\/div><\/div><\/div><\/div><div class=\"rt-col-md-12 rt-col-sm-12 rt-col-xs-12 even-grid-item rt-grid-item\" data-id=\"694\"><div class=\"rt-holder\"><div class=\"rt-row\"><div class='rt-col-sm-4 rt-col-xs-12 '><div class=\"rt-img-holder\"><a data-id='694' class=' disabled' href='https:\/\/concamin.org.mx\/?p=694'><img loading=\"lazy\" decoding=\"async\" width=\"851\" height=\"353\" src=\"https:\/\/concamin.org.mx\/wp-content\/uploads\/2024\/11\/dd3rx0zasnzzkgidqyqe.png\" class=\"rt-img-responsive \" alt=\"\" srcset=\"https:\/\/concamin.org.mx\/wp-content\/uploads\/2024\/11\/dd3rx0zasnzzkgidqyqe.png 851w, https:\/\/concamin.org.mx\/wp-content\/uploads\/2024\/11\/dd3rx0zasnzzkgidqyqe-480x199.png 480w\" sizes=\"(min-width: 0px) and (max-width: 480px) 480px, (min-width: 481px) 851px, 100vw\" \/><\/a><\/div><\/div><div class='rt-col-sm-8 rt-col-xs-12 '><div class='rt-detail'><h3 class=\"entry-title\"><a data-id=\"694\" class=\" disabled\" href=\"https:\/\/concamin.org.mx\/?p=694\">AIEVAC<\/a><\/h3><div class='tpg-excerpt'>Organismo de representaci\u00f3n industrial que agrupa a las empresas con actividad industrial en el estado de Veracruz.\n\nConoce m\u00e1s en:\nwww.aievac.org.mx<\/div><\/div><\/div><\/div><\/div><\/div><div class=\"rt-col-md-12 rt-col-sm-12 rt-col-xs-12 even-grid-item rt-grid-item\" data-id=\"808\"><div class=\"rt-holder\"><div class=\"rt-row\"><div class='rt-col-sm-4 rt-col-xs-12 '><div class=\"rt-img-holder\"><a data-id='808' class=' disabled' href='https:\/\/concamin.org.mx\/?p=808'><img loading=\"lazy\" decoding=\"async\" width=\"330\" height=\"100\" src=\"https:\/\/concamin.org.mx\/wp-content\/uploads\/2024\/11\/f3wnrdbmpcs6rn7jimxn.jpg\" class=\"rt-img-responsive \" alt=\"\" srcset=\"https:\/\/concamin.org.mx\/wp-content\/uploads\/2024\/11\/f3wnrdbmpcs6rn7jimxn.jpg 330w, https:\/\/concamin.org.mx\/wp-content\/uploads\/2024\/11\/f3wnrdbmpcs6rn7jimxn-300x91.jpg 300w\" sizes=\"(max-width: 330px) 100vw, 330px\" \/><\/a><\/div><\/div><div class='rt-col-sm-8 rt-col-xs-12 '><div class='rt-detail'><h3 class=\"entry-title\"><a data-id=\"808\" class=\" disabled\" href=\"https:\/\/concamin.org.mx\/?p=808\">AMANAC<\/a><\/h3><div class='tpg-excerpt'>Organismo de representaci\u00f3n industrial que representa a los agentes navieros.\n\nConoce m\u00e1s en:\nwww.amanac.org.mx<\/div><\/div><\/div><\/div><\/div><\/div><div class=\"rt-col-md-12 rt-col-sm-12 rt-col-xs-12 even-grid-item rt-grid-item\" data-id=\"768\"><div class=\"rt-holder\"><div class=\"rt-row\"><div class='rt-col-sm-4 rt-col-xs-12 '><div class=\"rt-img-holder\"><a data-id='768' class=' disabled' href='https:\/\/concamin.org.mx\/?p=768'><img loading=\"lazy\" decoding=\"async\" width=\"512\" height=\"225\" src=\"https:\/\/concamin.org.mx\/wp-content\/uploads\/2024\/11\/thjhujmh5vsgpzuquyoy.jpg\" class=\"rt-img-responsive \" alt=\"\" srcset=\"https:\/\/concamin.org.mx\/wp-content\/uploads\/2024\/11\/thjhujmh5vsgpzuquyoy.jpg 512w, https:\/\/concamin.org.mx\/wp-content\/uploads\/2024\/11\/thjhujmh5vsgpzuquyoy-480x211.jpg 480w\" sizes=\"(min-width: 0px) and (max-width: 480px) 480px, (min-width: 481px) 512px, 100vw\" \/><\/a><\/div><\/div><div class='rt-col-sm-8 rt-col-xs-12 '><div class='rt-detail'><h3 class=\"entry-title\"><a data-id=\"768\" class=\" disabled\" href=\"https:\/\/concamin.org.mx\/?p=768\">AMAP<\/a><\/h3><div class='tpg-excerpt'>Organismo de representaci\u00f3n industrial que concentra a las empresas dedicadas a la publicidad.\n\nConoce m\u00e1s en:\nwww.amap.com.mx<\/div><\/div><\/div><\/div><\/div><\/div><div class=\"rt-col-md-12 rt-col-sm-12 rt-col-xs-12 even-grid-item rt-grid-item\" data-id=\"922\"><div class=\"rt-holder\"><div class=\"rt-row\"><div class='rt-col-sm-4 rt-col-xs-12 '><div class=\"rt-img-holder\"><a data-id='922' class=' disabled' href='https:\/\/concamin.org.mx\/?p=922'><img loading=\"lazy\" decoding=\"async\" width=\"1024\" height=\"343\" src=\"https:\/\/concamin.org.mx\/wp-content\/uploads\/2024\/11\/vt9hflaz8te84mowgjnb.jpg\" class=\"rt-img-responsive \" alt=\"\" srcset=\"https:\/\/concamin.org.mx\/wp-content\/uploads\/2024\/11\/vt9hflaz8te84mowgjnb.jpg 1024w, https:\/\/concamin.org.mx\/wp-content\/uploads\/2024\/11\/vt9hflaz8te84mowgjnb-980x328.jpg 980w, https:\/\/concamin.org.mx\/wp-content\/uploads\/2024\/11\/vt9hflaz8te84mowgjnb-480x161.jpg 480w\" sizes=\"(min-width: 0px) and (max-width: 480px) 480px, (min-width: 481px) and (max-width: 980px) 980px, (min-width: 981px) 1024px, 100vw\" \/><\/a><\/div><\/div><div class='rt-col-sm-8 rt-col-xs-12 '><div class='rt-detail'><h3 class=\"entry-title\"><a data-id=\"922\" class=\" disabled\" href=\"https:\/\/concamin.org.mx\/?p=922\">AMCI<\/a><\/h3><div class='tpg-excerpt'>Organismo de representaci\u00f3n industrial, integrada por empresas dedicadas a la producci\u00f3n y comercializaci\u00f3n de concreto premezclado, con presencia en toda la Rep\u00fablica Mexicana.\n\nConoce m\u00e1s en:\nwww.amciac.org<\/div><\/div><\/div><\/div><\/div><\/div><div class=\"rt-col-md-12 rt-col-sm-12 rt-col-xs-12 even-grid-item rt-grid-item\" data-id=\"903\"><div class=\"rt-holder\"><div class=\"rt-row\"><div class='rt-col-sm-4 rt-col-xs-12 '><div class=\"rt-img-holder\"><a data-id='903' class=' disabled' href='https:\/\/concamin.org.mx\/?p=903'><img loading=\"lazy\" decoding=\"async\" width=\"230\" height=\"86\" src=\"https:\/\/concamin.org.mx\/wp-content\/uploads\/2024\/11\/cugnzifxmzyplxxirz6n.png\" class=\"rt-img-responsive \" alt=\"\" \/><\/a><\/div><\/div><div class='rt-col-sm-8 rt-col-xs-12 '><div class='rt-detail'><h3 class=\"entry-title\"><a data-id=\"903\" class=\" disabled\" href=\"https:\/\/concamin.org.mx\/?p=903\">AMEEC<\/a><\/h3><div class='tpg-excerpt'>Organismo de representaci\u00f3n industrial que agrupa a empresas del sector de evaluaci\u00f3n y conformidad.\n\nConoce m\u00e1s en:\nwww.concamin.org.mx<\/div><\/div><\/div><\/div><\/div><\/div><div class=\"rt-col-md-12 rt-col-sm-12 rt-col-xs-12 even-grid-item rt-grid-item\" data-id=\"888\"><div class=\"rt-holder\"><div class=\"rt-row\"><div class='rt-col-sm-4 rt-col-xs-12 '><div class=\"rt-img-holder\"><a data-id='888' class=' disabled' href='https:\/\/concamin.org.mx\/?p=888'><img loading=\"lazy\" decoding=\"async\" width=\"230\" height=\"65\" src=\"https:\/\/concamin.org.mx\/wp-content\/uploads\/2024\/11\/yssvhipkcqtznwhtjmys.png\" class=\"rt-img-responsive \" alt=\"\" \/><\/a><\/div><\/div><div class='rt-col-sm-8 rt-col-xs-12 '><div class='rt-detail'><h3 class=\"entry-title\"><a data-id=\"888\" class=\" disabled\" href=\"https:\/\/concamin.org.mx\/?p=888\">AMF<\/a><\/h3><div class='tpg-excerpt'>Organismo de representaci\u00f3n industrial, la cu\u00e1l cuenta con tres cap\u00edtulos. El primero agrupa a seis empresas que cuentan con concesiones de transporte ferroviario de carga. El segundo est\u00e1 constituido por los metros y trenes suburbanos de las zonas metropolitanas de M\u00e9xico, Monterrey y Guadalajara. El tercero est\u00e1 integrado por proveedores de la industria.\n\nConoce m\u00e1s en:\nwww.amf.org.mx<\/div><\/div><\/div><\/div><\/div><\/div><div class=\"rt-col-md-12 rt-col-sm-12 rt-col-xs-12 even-grid-item rt-grid-item\" data-id=\"898\"><div class=\"rt-holder\"><div class=\"rt-row\"><div class='rt-col-sm-4 rt-col-xs-12 '><div class=\"rt-img-holder\"><a data-id='898' class=' disabled' href='https:\/\/concamin.org.mx\/?p=898'><img loading=\"lazy\" decoding=\"async\" width=\"320\" height=\"323\" src=\"https:\/\/concamin.org.mx\/wp-content\/uploads\/2024\/11\/uanzgkjzmm2kpvbtpfvx.jpg\" class=\"rt-img-responsive \" alt=\"\" srcset=\"https:\/\/concamin.org.mx\/wp-content\/uploads\/2024\/11\/uanzgkjzmm2kpvbtpfvx.jpg 320w, https:\/\/concamin.org.mx\/wp-content\/uploads\/2024\/11\/uanzgkjzmm2kpvbtpfvx-297x300.jpg 297w, https:\/\/concamin.org.mx\/wp-content\/uploads\/2024\/11\/uanzgkjzmm2kpvbtpfvx-150x150.jpg 150w, https:\/\/concamin.org.mx\/wp-content\/uploads\/2024\/11\/uanzgkjzmm2kpvbtpfvx-120x120.jpg 120w\" sizes=\"(max-width: 320px) 100vw, 320px\" \/><\/a><\/div><\/div><div class='rt-col-sm-8 rt-col-xs-12 '><div class='rt-detail'><h3 class=\"entry-title\"><a data-id=\"898\" class=\" disabled\" href=\"https:\/\/concamin.org.mx\/?p=898\">AMFIES<\/a><\/h3><div class='tpg-excerpt'>Organismo de representaci\u00f3n industrial que agrupa a los fabricantes de Instrumentos Para Escritura y Similares.\n\nConoce m\u00e1s en:\nwww.concamin.org.mx<\/div><\/div><\/div><\/div><\/div><\/div><\/div><div class='rt-pagination-wrap' data-total-pages='13' data-posts-per-page='9' data-type='pagination_ajax'  ><div class='rt-page-numbers'><\/div><\/div><\/div>[\/et_pb_code][\/et_pb_column][\/et_pb_row][\/et_pb_section]<\/p>\n","protected":false},"excerpt":{"rendered":"<p>[et_pb_section fb_built=&#8221;1&#8243; module_class=&#8221;breadcrumbs&#8221; _builder_version=&#8221;4.27.2&#8243; _module_preset=&#8221;default&#8221; background_color=&#8221;#f8f7fa&#8221; global_colors_info=&#8221;{}&#8221;][et_pb_row _builder_version=&#8221;4.27.2&#8243; _module_preset=&#8221;default&#8221; global_colors_info=&#8221;{}&#8221;][et_pb_column type=&#8221;4_4&#8243; _builder_version=&#8221;4.27.2&#8243; _module_preset=&#8221;default&#8221; global_colors_info=&#8221;{}&#8221;][et_pb_code _builder_version=&#8221;4.27.2&#8243; _module_preset=&#8221;default&#8221; global_colors_info=&#8221;{}&#8221;] Inicio 5 Afiliados 5 C\u00e1maras y asociaciones [\/et_pb_code][\/et_pb_column][\/et_pb_row][\/et_pb_section][et_pb_section fb_built=&#8221;1&#8243; module_class=&#8221;module&#8221; _builder_version=&#8221;4.27.2&#8243; _module_preset=&#8221;default&#8221; global_colors_info=&#8221;{}&#8221;][et_pb_row _builder_version=&#8221;4.27.2&#8243; _module_preset=&#8221;default&#8221; custom_padding=&#8221;0px||0px||true|false&#8221; global_colors_info=&#8221;{}&#8221;][et_pb_column type=&#8221;4_4&#8243; _builder_version=&#8221;4.27.2&#8243; _module_preset=&#8221;default&#8221; global_colors_info=&#8221;{}&#8221;][et_pb_text _builder_version=&#8221;4.27.2&#8243; _module_preset=&#8221;default&#8221; global_colors_info=&#8221;{}&#8221;] C\u00e1maras y asociaciones [\/et_pb_text][\/et_pb_column][\/et_pb_row][et_pb_row custom_padding_last_edited=&#8221;on|phone&#8221; _builder_version=&#8221;4.27.2&#8243; _module_preset=&#8221;default&#8221; custom_padding=&#8221;60px||||false|false&#8221; custom_padding_tablet=&#8221;32px||||false|false&#8221; custom_padding_phone=&#8221;16px||||false|false&#8221; global_colors_info=&#8221;{}&#8221;][et_pb_column type=&#8221;4_4&#8243; _builder_version=&#8221;4.27.2&#8243; _module_preset=&#8221;default&#8221; [&hellip;]<\/p>\n","protected":false},"author":1,"featured_media":14,"parent":0,"menu_order":0,"comment_status":"closed","ping_status":"closed","template":"","meta":{"_et_pb_use_builder":"on","_et_pb_old_content":"","_et_gb_content_width":"","inline_featured_image":false,"footnotes":""},"class_list":["post-260","page","type-page","status-publish","has-post-thumbnail","hentry"],"rttpg_featured_image_url":{"full":["https:\/\/concamin.org.mx\/wp-content\/uploads\/2024\/10\/share.jpg",1251,876,false],"landscape":["https:\/\/concamin.org.mx\/wp-content\/uploads\/2024\/10\/share.jpg",1251,876,false],"portraits":["https:\/\/concamin.org.mx\/wp-content\/uploads\/2024\/10\/share.jpg",1251,876,false],"thumbnail":["https:\/\/concamin.org.mx\/wp-content\/uploads\/2024\/10\/share-150x150.jpg",150,150,true],"medium":["https:\/\/concamin.org.mx\/wp-content\/uploads\/2024\/10\/share-300x210.jpg",300,210,true],"large":["https:\/\/concamin.org.mx\/wp-content\/uploads\/2024\/10\/share-1024x717.jpg",1024,717,true],"1536x1536":["https:\/\/concamin.org.mx\/wp-content\/uploads\/2024\/10\/share.jpg",1251,876,false],"2048x2048":["https:\/\/concamin.org.mx\/wp-content\/uploads\/2024\/10\/share.jpg",1251,876,false],"et-pb-post-main-image":["https:\/\/concamin.org.mx\/wp-content\/uploads\/2024\/10\/share-400x250.jpg",400,250,true],"et-pb-post-main-image-fullwidth":["https:\/\/concamin.org.mx\/wp-content\/uploads\/2024\/10\/share-1080x675.jpg",1080,675,true],"et-pb-portfolio-image":["https:\/\/concamin.org.mx\/wp-content\/uploads\/2024\/10\/share-400x284.jpg",400,284,true],"et-pb-portfolio-module-image":["https:\/\/concamin.org.mx\/wp-content\/uploads\/2024\/10\/share-510x382.jpg",510,382,true],"et-pb-portfolio-image-single":["https:\/\/concamin.org.mx\/wp-content\/uploads\/2024\/10\/share-1080x756.jpg",1080,756,true],"et-pb-gallery-module-image-portrait":["https:\/\/concamin.org.mx\/wp-content\/uploads\/2024\/10\/share-400x516.jpg",400,516,true],"et-pb-post-main-image-fullwidth-large":["https:\/\/concamin.org.mx\/wp-content\/uploads\/2024\/10\/share.jpg",1251,876,false],"et-pb-image--responsive--desktop":["https:\/\/concamin.org.mx\/wp-content\/uploads\/2024\/10\/share.jpg",1028,720,false],"et-pb-image--responsive--tablet":["https:\/\/concamin.org.mx\/wp-content\/uploads\/2024\/10\/share-980x686.jpg",787,551,true],"et-pb-image--responsive--phone":["https:\/\/concamin.org.mx\/wp-content\/uploads\/2024\/10\/share-480x336.jpg",386,270,true],"yarpp-thumbnail":["https:\/\/concamin.org.mx\/wp-content\/uploads\/2024\/10\/share.jpg",120,84,false],"rt_custom":["https:\/\/concamin.org.mx\/wp-content\/uploads\/2024\/10\/share.jpg",1251,876,false]},"rttpg_author":{"display_name":"xdelvalle@siclip.com","author_link":"https:\/\/concamin.org.mx\/?author=1"},"rttpg_comment":0,"rttpg_category":"","rttpg_excerpt":"[et_pb_section fb_built=&#8221;1&#8243; module_class=&#8221;breadcrumbs&#8221; _builder_version=&#8221;4.27.2&#8243; _module_preset=&#8221;default&#8221; background_color=&#8221;#f8f7fa&#8221; global_colors_info=&#8221;{}&#8221;][et_pb_row _builder_version=&#8221;4.27.2&#8243; _module_preset=&#8221;default&#8221; global_colors_info=&#8221;{}&#8221;][et_pb_column type=&#8221;4_4&#8243; _builder_version=&#8221;4.27.2&#8243; _module_preset=&#8221;default&#8221; global_colors_info=&#8221;{}&#8221;][et_pb_code _builder_version=&#8221;4.27.2&#8243; _module_preset=&#8221;default&#8221; global_colors_info=&#8221;{}&#8221;] Inicio 5 Afiliados 5 C\u00e1maras y asociaciones [\/et_pb_code][\/et_pb_column][\/et_pb_row][\/et_pb_section][et_pb_section fb_built=&#8221;1&#8243; module_class=&#8221;module&#8221; _builder_version=&#8221;4.27.2&#8243; _module_preset=&#8221;default&#8221; global_colors_info=&#8221;{}&#8221;][et_pb_row _builder_version=&#8221;4.27.2&#8243; _module_preset=&#8221;default&#8221; custom_padding=&#8221;0px||0px||true|false&#8221; global_colors_info=&#8221;{}&#8221;][et_pb_column type=&#8221;4_4&#8243; _builder_version=&#8221;4.27.2&#8243; _module_preset=&#8221;default&#8221; global_colors_info=&#8221;{}&#8221;][et_pb_text _builder_version=&#8221;4.27.2&#8243; _module_preset=&#8221;default&#8221; global_colors_info=&#8221;{}&#8221;] C\u00e1maras y asociaciones [\/et_pb_text][\/et_pb_column][\/et_pb_row][et_pb_row custom_padding_last_edited=&#8221;on|phone&#8221; _builder_version=&#8221;4.27.2&#8243; _module_preset=&#8221;default&#8221; custom_padding=&#8221;60px||||false|false&#8221; custom_padding_tablet=&#8221;32px||||false|false&#8221; custom_padding_phone=&#8221;16px||||false|false&#8221; global_colors_info=&#8221;{}&#8221;][et_pb_column type=&#8221;4_4&#8243; _builder_version=&#8221;4.27.2&#8243; _module_preset=&#8221;default&#8221;&hellip;","_links":{"self":[{"href":"https:\/\/concamin.org.mx\/index.php?rest_route=\/wp\/v2\/pages\/260","targetHints":{"allow":["GET"]}}],"collection":[{"href":"https:\/\/concamin.org.mx\/index.php?rest_route=\/wp\/v2\/pages"}],"about":[{"href":"https:\/\/concamin.org.mx\/index.php?rest_route=\/wp\/v2\/types\/page"}],"author":[{"embeddable":true,"href":"https:\/\/concamin.org.mx\/index.php?rest_route=\/wp\/v2\/users\/1"}],"replies":[{"embeddable":true,"href":"https:\/\/concamin.org.mx\/index.php?rest_route=%2Fwp%2Fv2%2Fcomments&post=260"}],"version-history":[{"count":6,"href":"https:\/\/concamin.org.mx\/index.php?rest_route=\/wp\/v2\/pages\/260\/revisions"}],"predecessor-version":[{"id":1292,"href":"https:\/\/concamin.org.mx\/index.php?rest_route=\/wp\/v2\/pages\/260\/revisions\/1292"}],"wp:featuredmedia":[{"embeddable":true,"href":"https:\/\/concamin.org.mx\/index.php?rest_route=\/wp\/v2\/media\/14"}],"wp:attachment":[{"href":"https:\/\/concamin.org.mx\/index.php?rest_route=%2Fwp%2Fv2%2Fmedia&parent=260"}],"curies":[{"name":"wp","href":"https:\/\/api.w.org\/{rel}","templated":true}]}}