{"id":2569,"date":"2024-11-14T00:53:42","date_gmt":"2024-11-14T00:53:42","guid":{"rendered":"https:\/\/darkslategray-tiger-275734.hostingersite.com\/?page_id=2569"},"modified":"2025-09-03T16:52:20","modified_gmt":"2025-09-03T16:52:20","slug":"iniciativas","status":"publish","type":"page","link":"https:\/\/concamin.org.mx\/?page_id=2569","title":{"rendered":"Iniciativas"},"content":{"rendered":"<p>[et_pb_section fb_built=&#8221;1&#8243; module_class=&#8221;module&#8221; _builder_version=&#8221;4.27.2&#8243; _module_preset=&#8221;default&#8221; global_colors_info=&#8221;{}&#8221;][et_pb_row _builder_version=&#8221;4.27.2&#8243; _module_preset=&#8221;default&#8221; custom_padding=&#8221;0px||||false|false&#8221; global_colors_info=&#8221;{}&#8221;][et_pb_column type=&#8221;4_4&#8243; _builder_version=&#8221;4.27.2&#8243; _module_preset=&#8221;default&#8221; global_colors_info=&#8221;{}&#8221;][et_pb_text _builder_version=&#8221;4.27.2&#8243; _module_preset=&#8221;default&#8221; custom_padding=&#8221;||32px||false|false&#8221; custom_padding_tablet=&#8221;||24px||false|false&#8221; custom_padding_phone=&#8221;||16px||false|false&#8221; custom_padding_last_edited=&#8221;on|phone&#8221; global_colors_info=&#8221;{}&#8221;]<\/p>\n<h1 style=\"text-align: center;\">Una nueva visi\u00f3n<\/h1>\n<p>[\/et_pb_text][et_pb_text _builder_version=&#8221;4.27.2&#8243; _module_preset=&#8221;default&#8221; max_width=&#8221;540px&#8221; module_alignment=&#8221;center&#8221; global_colors_info=&#8221;{}&#8221;]<\/p>\n<div _ngcontent-iyr-c115=\"\" class=\"contentContainer flexBox column startVertical\">\n<p _ngcontent-iyr-c115=\"\" style=\"text-align: justify;\">CONCAMIN INTERNACIONAL es un instrumento de car\u00e1cter consultivo que atiende las crecientes responsabilidades de car\u00e1cter internacional, integrado por miembros de la CONCAMIN adem\u00e1s de expertos nacionales y extranjeros en los temas globales que afectan a la industria.<\/p>\n<\/div>\n<div _ngcontent-iyr-c115=\"\" class=\"mapContainer\">\n<div _ngcontent-iyr-c115=\"\" class=\"mapCard\"><\/div>\n<\/div>\n<p>[\/et_pb_text][\/et_pb_column][\/et_pb_row][et_pb_row _builder_version=&#8221;4.27.2&#8243; _module_preset=&#8221;default&#8221; hover_enabled=&#8221;0&#8243; global_colors_info=&#8221;{}&#8221; sticky_enabled=&#8221;0&#8243;][et_pb_column type=&#8221;4_4&#8243; _builder_version=&#8221;4.27.2&#8243; _module_preset=&#8221;default&#8221; global_colors_info=&#8221;{}&#8221;][et_pb_code module_class=&#8221;big-map &#8221; _builder_version=&#8221;4.27.2&#8243; _module_preset=&#8221;default&#8221; hover_enabled=&#8221;0&#8243; global_colors_info=&#8221;{}&#8221; sticky_enabled=&#8221;0&#8243;]<\/p>\n<div id=\"map\" class=\"js-big-map\"><\/div>\n<p>[\/et_pb_code][\/et_pb_column][\/et_pb_row][\/et_pb_section][et_pb_section fb_built=&#8221;1&#8243; module_class=&#8221;module&#8221; _builder_version=&#8221;4.27.2&#8243; _module_preset=&#8221;default&#8221; background_color=&#8221;#f8f7fa&#8221; locked=&#8221;off&#8221; global_colors_info=&#8221;{}&#8221;][et_pb_row custom_padding_last_edited=&#8221;on|phone&#8221; _builder_version=&#8221;4.27.2&#8243; _module_preset=&#8221;default&#8221; custom_padding=&#8221;0px||60px||false|false&#8221; custom_padding_tablet=&#8221;||32px||false|false&#8221; custom_padding_phone=&#8221;||16px||false|false&#8221; global_colors_info=&#8221;{}&#8221;][et_pb_column type=&#8221;4_4&#8243; _builder_version=&#8221;4.27.2&#8243; _module_preset=&#8221;default&#8221; global_colors_info=&#8221;{}&#8221;][et_pb_text content_tablet=&#8221;<\/p>\n<h2 style=%22text-align: center;%22>Recursos<\/h2>\n<p>&#8221; content_phone=&#8221;<\/p>\n<h2 style=%22text-align: left;%22>Recursos<\/h2>\n<p>&#8221; content_last_edited=&#8221;off|desktop&#8221; module_class=&#8221;h3&#8243; _builder_version=&#8221;4.27.2&#8243; _module_preset=&#8221;default&#8221; global_colors_info=&#8221;{}&#8221;]<\/p>\n<h2 style=\"text-align: center;\">Proyectos resultantes<\/h2>\n<p>[\/et_pb_text][\/et_pb_column][\/et_pb_row][et_pb_row custom_padding_last_edited=&#8221;on|phone&#8221; module_class=&#8221;js-recursos-slider&#8221; _builder_version=&#8221;4.27.2&#8243; _module_preset=&#8221;default&#8221; custom_padding=&#8221;0px||60px||false|false&#8221; custom_padding_tablet=&#8221;0px||60px||false|false&#8221; custom_padding_phone=&#8221;||42px||false|false&#8221; global_colors_info=&#8221;{}&#8221;][et_pb_column type=&#8221;4_4&#8243; _builder_version=&#8221;4.27.2&#8243; _module_preset=&#8221;default&#8221; global_colors_info=&#8221;{}&#8221;][et_pb_blurb url=&#8221;https:\/\/res.cloudinary.com\/concamin\/image\/upload\/v1714499500\/zejmw3hyyikqiagqf9eb.pdf&#8221; image=&#8221;https:\/\/darkslategray-tiger-275734.hostingersite.com\/wp-content\/uploads\/2024\/11\/elemento_1.jpg&#8221; icon_alignment=&#8221;left&#8221; module_class=&#8221;card-new&#8221; _builder_version=&#8221;4.27.2&#8243; _module_preset=&#8221;default&#8221; image_icon_custom_margin=&#8221;||||false|false&#8221; image_icon_custom_padding=&#8221;||||false|false&#8221; link_option_url_new_window=&#8221;on&#8221; global_colors_info=&#8221;{}&#8221;]<\/p>\n<p>7 Centros CONCAMIN de innovaci\u00f3n y dise\u00f1o digital<\/p>\n<p style=\"text-align: justify;\"><strong>En estrecha coordinaci\u00f3n y con el apoyo de la Secretar\u00eda de Econom\u00eda se construyen y operan para servir a las industrias automotriz y aeroespacial a trav\u00e9s de sus cl\u00fasteres locales y desde las estructuras de educaci\u00f3n superior en las que se alojan. Estamos tambi\u00e9n considerando el posible establecimiento de dos centros en materia de \u201cCiberseguridad\u201d, probablemente uno en la Ciudad de M\u00e9xico en coordinaci\u00f3n con el gobierno de la ciudad y otro en Tabasco, a solicitud de las autoridades de aqu\u00e9lla entidad.<\/strong><\/p>\n<p>[\/et_pb_blurb][et_pb_blurb url=&#8221;https:\/\/res.cloudinary.com\/concamin\/image\/upload\/v1685046250\/qrlym1qhgan9r1e6qtix.pdf&#8221; url_new_window=&#8221;on&#8221; image=&#8221;https:\/\/darkslategray-tiger-275734.hostingersite.com\/wp-content\/uploads\/2024\/11\/elemento_2.jpg&#8221; icon_alignment=&#8221;left&#8221; module_class=&#8221;card-new&#8221; _builder_version=&#8221;4.27.2&#8243; _module_preset=&#8221;default&#8221; image_icon_custom_margin=&#8221;||||false|false&#8221; image_icon_custom_padding=&#8221;||||false|false&#8221; global_colors_info=&#8221;{}&#8221;]<\/p>\n<p>10 Laboratorios de innovaci\u00f3n<\/p>\n<p style=\"text-align: justify;\"><strong>Con el impulso de la CONCAMIN y sus aliados apoya la SEP para contar con estructuras especializadas que permitan escalar la formaci\u00f3n de un gran n\u00famero de estudiantes de carreras STEM en materia de digitalizaci\u00f3n e industria 4.0.<\/strong><\/p>\n<p>[\/et_pb_blurb][et_pb_blurb url=&#8221;https:\/\/res.cloudinary.com\/concamin\/image\/upload\/v1667329878\/pwteigpoorzj0axeccrf.pdf&#8221; url_new_window=&#8221;on&#8221; image=&#8221;https:\/\/darkslategray-tiger-275734.hostingersite.com\/wp-content\/uploads\/2024\/11\/elemento_3.jpg&#8221; icon_alignment=&#8221;left&#8221; module_class=&#8221;card-new&#8221; _builder_version=&#8221;4.27.2&#8243; _module_preset=&#8221;default&#8221; image_icon_custom_margin=&#8221;||||false|false&#8221; image_icon_custom_padding=&#8221;||||false|false&#8221; global_colors_info=&#8221;{}&#8221;]<\/p>\n<p>Reforzamiento de la &#8220;Triple H\u00e9lice&#8221;<\/p>\n<p style=\"text-align: justify;\"><strong>Construyendo dentro y fuera de M\u00e9xico, aqu\u00ed con la UNAM, el IPN, el COLMEX, el CIDE, el TNM, y el CONALEP, principalmente, atrayendo sus vastos recursos en infraestructura, equipamiento e investigadores altamente calificados al desarrollo de proyectos que sirvan a la soluci\u00f3n de problemas o necesidades de la industria. <\/strong><\/p>\n<p>[\/et_pb_blurb][\/et_pb_column][\/et_pb_row][\/et_pb_section]<\/p>\n","protected":false},"excerpt":{"rendered":"<p>Una nueva visi\u00f3n CONCAMIN INTERNACIONAL es un instrumento de car\u00e1cter consultivo que atiende las crecientes responsabilidades de car\u00e1cter internacional, integrado por miembros de la CONCAMIN adem\u00e1s de expertos nacionales y extranjeros en los temas globales que afectan a la industria. Proyectos resultantes7 Centros CONCAMIN de innovaci\u00f3n y dise\u00f1o digital En estrecha coordinaci\u00f3n y con el [&hellip;]<\/p>\n","protected":false},"author":1,"featured_media":14,"parent":0,"menu_order":0,"comment_status":"closed","ping_status":"closed","template":"","meta":{"_et_pb_use_builder":"on","_et_pb_old_content":"","_et_gb_content_width":"","inline_featured_image":false,"footnotes":""},"class_list":["post-2569","page","type-page","status-publish","has-post-thumbnail","hentry"],"rttpg_featured_image_url":{"full":["https:\/\/concamin.org.mx\/wp-content\/uploads\/2024\/10\/share.jpg",1251,876,false],"landscape":["https:\/\/concamin.org.mx\/wp-content\/uploads\/2024\/10\/share.jpg",1251,876,false],"portraits":["https:\/\/concamin.org.mx\/wp-content\/uploads\/2024\/10\/share.jpg",1251,876,false],"thumbnail":["https:\/\/concamin.org.mx\/wp-content\/uploads\/2024\/10\/share-150x150.jpg",150,150,true],"medium":["https:\/\/concamin.org.mx\/wp-content\/uploads\/2024\/10\/share-300x210.jpg",300,210,true],"large":["https:\/\/concamin.org.mx\/wp-content\/uploads\/2024\/10\/share-1024x717.jpg",1024,717,true],"1536x1536":["https:\/\/concamin.org.mx\/wp-content\/uploads\/2024\/10\/share.jpg",1251,876,false],"2048x2048":["https:\/\/concamin.org.mx\/wp-content\/uploads\/2024\/10\/share.jpg",1251,876,false],"et-pb-post-main-image":["https:\/\/concamin.org.mx\/wp-content\/uploads\/2024\/10\/share-400x250.jpg",400,250,true],"et-pb-post-main-image-fullwidth":["https:\/\/concamin.org.mx\/wp-content\/uploads\/2024\/10\/share-1080x675.jpg",1080,675,true],"et-pb-portfolio-image":["https:\/\/concamin.org.mx\/wp-content\/uploads\/2024\/10\/share-400x284.jpg",400,284,true],"et-pb-portfolio-module-image":["https:\/\/concamin.org.mx\/wp-content\/uploads\/2024\/10\/share-510x382.jpg",510,382,true],"et-pb-portfolio-image-single":["https:\/\/concamin.org.mx\/wp-content\/uploads\/2024\/10\/share-1080x756.jpg",1080,756,true],"et-pb-gallery-module-image-portrait":["https:\/\/concamin.org.mx\/wp-content\/uploads\/2024\/10\/share-400x516.jpg",400,516,true],"et-pb-post-main-image-fullwidth-large":["https:\/\/concamin.org.mx\/wp-content\/uploads\/2024\/10\/share.jpg",1251,876,false],"et-pb-image--responsive--desktop":["https:\/\/concamin.org.mx\/wp-content\/uploads\/2024\/10\/share.jpg",1028,720,false],"et-pb-image--responsive--tablet":["https:\/\/concamin.org.mx\/wp-content\/uploads\/2024\/10\/share-980x686.jpg",787,551,true],"et-pb-image--responsive--phone":["https:\/\/concamin.org.mx\/wp-content\/uploads\/2024\/10\/share-480x336.jpg",386,270,true],"yarpp-thumbnail":["https:\/\/concamin.org.mx\/wp-content\/uploads\/2024\/10\/share.jpg",120,84,false],"rt_custom":["https:\/\/concamin.org.mx\/wp-content\/uploads\/2024\/10\/share.jpg",1251,876,false]},"rttpg_author":{"display_name":"xdelvalle@siclip.com","author_link":"https:\/\/concamin.org.mx\/?author=1"},"rttpg_comment":0,"rttpg_category":null,"rttpg_excerpt":"Una nueva visi\u00f3n CONCAMIN INTERNACIONAL es un instrumento de car\u00e1cter consultivo que atiende las crecientes responsabilidades de car\u00e1cter internacional, integrado por miembros de la CONCAMIN adem\u00e1s de expertos nacionales y extranjeros en los temas globales que afectan a la industria. Proyectos resultantes7 Centros CONCAMIN de innovaci\u00f3n y dise\u00f1o digital En estrecha coordinaci\u00f3n y con el&hellip;","_links":{"self":[{"href":"https:\/\/concamin.org.mx\/index.php?rest_route=\/wp\/v2\/pages\/2569","targetHints":{"allow":["GET"]}}],"collection":[{"href":"https:\/\/concamin.org.mx\/index.php?rest_route=\/wp\/v2\/pages"}],"about":[{"href":"https:\/\/concamin.org.mx\/index.php?rest_route=\/wp\/v2\/types\/page"}],"author":[{"embeddable":true,"href":"https:\/\/concamin.org.mx\/index.php?rest_route=\/wp\/v2\/users\/1"}],"replies":[{"embeddable":true,"href":"https:\/\/concamin.org.mx\/index.php?rest_route=%2Fwp%2Fv2%2Fcomments&post=2569"}],"version-history":[{"count":9,"href":"https:\/\/concamin.org.mx\/index.php?rest_route=\/wp\/v2\/pages\/2569\/revisions"}],"predecessor-version":[{"id":2591,"href":"https:\/\/concamin.org.mx\/index.php?rest_route=\/wp\/v2\/pages\/2569\/revisions\/2591"}],"wp:featuredmedia":[{"embeddable":true,"href":"https:\/\/concamin.org.mx\/index.php?rest_route=\/wp\/v2\/media\/14"}],"wp:attachment":[{"href":"https:\/\/concamin.org.mx\/index.php?rest_route=%2Fwp%2Fv2%2Fmedia&parent=2569"}],"curies":[{"name":"wp","href":"https:\/\/api.w.org\/{rel}","templated":true}]}}