{"id":245,"date":"2024-10-22T19:09:51","date_gmt":"2024-10-22T19:09:51","guid":{"rendered":"https:\/\/darkslategray-tiger-275734.hostingersite.com\/?page_id=245"},"modified":"2026-02-16T16:46:58","modified_gmt":"2026-02-16T16:46:58","slug":"comisiones-de-trabajo","status":"publish","type":"page","link":"https:\/\/concamin.org.mx\/?page_id=245","title":{"rendered":"Comisiones de trabajo"},"content":{"rendered":"<p>[et_pb_section fb_built=&#8221;1&#8243; module_class=&#8221;breadcrumbs&#8221; _builder_version=&#8221;4.27.2&#8243; _module_preset=&#8221;default&#8221; background_color=&#8221;#f8f7fa&#8221; global_colors_info=&#8221;{}&#8221;][et_pb_row _builder_version=&#8221;4.27.2&#8243; _module_preset=&#8221;default&#8221; global_colors_info=&#8221;{}&#8221;][et_pb_column type=&#8221;4_4&#8243; _builder_version=&#8221;4.27.2&#8243; _module_preset=&#8221;default&#8221; global_colors_info=&#8221;{}&#8221;][et_pb_code _builder_version=&#8221;4.27.2&#8243; _module_preset=&#8221;default&#8221; global_colors_info=&#8221;{}&#8221;]<\/p>\n<div class=\"lwp-breadcrumbs\"><!-- [et_pb_line_break_holder] -->  <span typeof=\"BreadcrumbList\"><!-- [et_pb_line_break_holder] -->    <span property=\"itemListElement\" typeof=\"ListItem\"><!-- [et_pb_line_break_holder] -->      <a property=\"item\" typeof=\"WebPage\" href=\"\/\"><!-- [et_pb_line_break_holder] -->        <span property=\"name\">Inicio<\/span><!-- [et_pb_line_break_holder] -->      <\/a><!-- [et_pb_line_break_holder] -->    <\/span><!-- [et_pb_line_break_holder] -->    <span class=\"separator et-pb-icon\">5<\/span><!-- [et_pb_line_break_holder] -->    <span property=\"itemListElement\" typeof=\"ListItem\"><!-- [et_pb_line_break_holder] -->       <a property=\"item\" typeof=\"WebPage\" href=\"\/comisiones-de-trabajo\/\"><!-- [et_pb_line_break_holder] -->      \t\t<span property=\"name\">Afiliados<\/span><!-- [et_pb_line_break_holder] -->        <\/a><!-- [et_pb_line_break_holder] -->    <\/span><!-- [et_pb_line_break_holder] -->   <!-- [et_pb_line_break_holder] -->    <span class=\"separator et-pb-icon\">5<\/span><!-- [et_pb_line_break_holder] -->    <span property=\"itemListElement\" typeof=\"ListItem\" class=\"current\"><!-- [et_pb_line_break_holder] -->      <a property=\"item\" typeof=\"WebPage\" href=\"\/comisiones-de-trabajo\/\"><!-- [et_pb_line_break_holder] -->       Comisiones de trabajo<!-- [et_pb_line_break_holder] -->      <\/a><!-- [et_pb_line_break_holder] -->    <\/span><!-- [et_pb_line_break_holder] -->  <\/span><!-- [et_pb_line_break_holder] --><\/div>\n<p>[\/et_pb_code][\/et_pb_column][\/et_pb_row][\/et_pb_section][et_pb_section fb_built=&#8221;1&#8243; module_class=&#8221;module&#8221; _builder_version=&#8221;4.27.2&#8243; _module_preset=&#8221;default&#8221; global_colors_info=&#8221;{}&#8221;][et_pb_row _builder_version=&#8221;4.27.2&#8243; _module_preset=&#8221;default&#8221; custom_padding=&#8221;0px||0px||true|false&#8221; global_colors_info=&#8221;{}&#8221;][et_pb_column type=&#8221;4_4&#8243; _builder_version=&#8221;4.27.2&#8243; _module_preset=&#8221;default&#8221; global_colors_info=&#8221;{}&#8221;][et_pb_text _builder_version=&#8221;4.27.2&#8243; _module_preset=&#8221;default&#8221; global_colors_info=&#8221;{}&#8221;]<\/p>\n<h1>Comisiones de trabajo<\/h1>\n<p>[\/et_pb_text][\/et_pb_column][\/et_pb_row][et_pb_row custom_padding_last_edited=&#8221;on|phone&#8221; _builder_version=&#8221;4.27.2&#8243; _module_preset=&#8221;default&#8221; custom_padding=&#8221;60px||||false|false&#8221; custom_padding_tablet=&#8221;32px||||false|false&#8221; custom_padding_phone=&#8221;16px||||false|false&#8221; global_colors_info=&#8221;{}&#8221;][et_pb_column type=&#8221;4_4&#8243; _builder_version=&#8221;4.27.2&#8243; _module_preset=&#8221;default&#8221; global_colors_info=&#8221;{}&#8221;][et_pb_code module_class=&#8221;post-grid&#8221; _builder_version=&#8221;4.27.2&#8243; _module_preset=&#8221;default&#8221; global_colors_info=&#8221;{}&#8221;]<style type='text\/css' media='all'>#rt-tpg-container-1457915536 .rt-holder .rt-woo-info .price{color:#0367bf;}body .rt-tpg-container .rt-tpg-isotope-buttons .selected,\n\t\t\t\t\t#rt-tpg-container-1457915536 .layout12 .rt-holder:hover .rt-detail,\n\t\t\t\t\t#rt-tpg-container-1457915536 .isotope8 .rt-holder:hover .rt-detail,\n\t\t\t\t\t#rt-tpg-container-1457915536 .carousel8 .rt-holder:hover .rt-detail,\n\t\t\t\t\t#rt-tpg-container-1457915536 .layout13 .rt-holder .overlay .post-info,\n\t\t\t\t\t#rt-tpg-container-1457915536 .isotope9 .rt-holder .overlay .post-info,\n\t\t\t\t\t#rt-tpg-container-1457915536.rt-tpg-container .layout4 .rt-holder .rt-detail,\n\t\t\t\t\t.rt-modal-1457915536 .md-content,\n\t\t\t\t\t.rt-modal-1457915536 .md-content > .rt-md-content-holder .rt-md-content,\n\t\t\t\t\t.rt-popup-wrap-1457915536.rt-popup-wrap .rt-popup-navigation-wrap,\n\t\t\t\t\t#rt-tpg-container-1457915536 .carousel9 .rt-holder .overlay .post-info{background-color:#0367bf;}#rt-tpg-container-1457915536 .layout5 .rt-holder .overlay, #rt-tpg-container-1457915536 .isotope2 .rt-holder .overlay, #rt-tpg-container-1457915536 .carousel2 .rt-holder .overlay,#rt-tpg-container-1457915536 .layout15 .rt-holder h3, #rt-tpg-container-1457915536 .isotope11 .rt-holder h3, #rt-tpg-container-1457915536 .carousel11 .rt-holder h3, #rt-tpg-container-1457915536 .layout16 .rt-holder h3,\n\t\t\t\t\t#rt-tpg-container-1457915536 .isotope12 .rt-holder h3, #rt-tpg-container-1457915536 .carousel12 .rt-holder h3 {background-color:rgba(3,103,191,0.1);}#rt-tpg-container-1457915536 .read-more a{border-radius:px;}#rt-tpg-container-1457915536 .rt-img-holder img.rt-img-responsive,#rt-tpg-container-1457915536 .rt-img-holder,\n\t\t\t\t\t#rt-tpg-container-1457915536 .rt-post-overlay .post-img,\n\t\t\t\t\t#rt-tpg-container-1457915536 .post-sm .post-img,\n\t\t\t\t\t#rt-tpg-container-1457915536 .rt-post-grid .post-img,\n\t\t\t\t\t#rt-tpg-container-1457915536 .post-img img {border-radius:px;}<\/style><div class='rt-container-fluid rt-tpg-container tpg-shortcode-main-wrapper ' id='rt-tpg-container-1457915536'   data-layout='layout2' data-grid-style='even' data-desktop-col='1'  data-tab-col='1'  data-mobile-col='1' data-sc-id='243'><div class='rt-layout-filter-container rt-clear'><div class='rt-filter-wrap'><div class=\"rt-filter-item-wrap rt-search-filter-wrap\"><input type=\"text\" class=\"rt-search-input\" placeholder=\"Search...\"><span class='rt-action'>&#128269;<\/span><span class='rt-loading'><\/span><\/div><\/div><\/div><div data-title='Loading ...' class='rt-row rt-content-loader   layout2 tpg-even '><div class=\"rt-col-md-12 rt-col-sm-12 rt-col-xs-12 even-grid-item rt-grid-item\" data-id=\"588\"><div class=\"rt-holder\"><div class=\"rt-row\"><div class='rt-col-xs-12'><div class='rt-detail'><h3 class=\"entry-title\"><a data-id=\"588\" class=\"\" href=\"https:\/\/concamin.org.mx\/?p=588\">Vivienda<\/a><\/h3><div class='tpg-excerpt'>Los miembros de la Comisi\u00f3n realizaron un taller de reflexi\u00f3n estrat\u00e9gica con la finalidad de identificar los principales aspectos que inciden en el desarrollo de las pol\u00edticas de financiamiento a la vivienda, as\u00ed como en la transformaci\u00f3n del funcionamiento de las ciudades y las comunidades...<\/div><span class='read-more '><a data-id='588' class='' href='https:\/\/concamin.org.mx\/?p=588'>Conoce m\u00e1s<\/a><\/span><\/div><\/div><\/div><\/div><\/div><div class=\"rt-col-md-12 rt-col-sm-12 rt-col-xs-12 even-grid-item rt-grid-item\" data-id=\"596\"><div class=\"rt-holder\"><div class=\"rt-row\"><div class='rt-col-xs-12'><div class='rt-detail'><h3 class=\"entry-title\"><a data-id=\"596\" class=\"\" href=\"https:\/\/concamin.org.mx\/?p=596\">Transporte<\/a><\/h3><div class='tpg-excerpt'>Fomentar la integraci\u00f3n y articulaci\u00f3n de los diferentes modos de transporte, en condiciones de competencia, permitiendo el desarrollo log\u00edstico de las diversas regiones de M\u00e9xico...<\/div><span class='read-more '><a data-id='596' class='' href='https:\/\/concamin.org.mx\/?p=596'>Conoce m\u00e1s<\/a><\/span><\/div><\/div><\/div><\/div><\/div><div class=\"rt-col-md-12 rt-col-sm-12 rt-col-xs-12 even-grid-item rt-grid-item\" data-id=\"592\"><div class=\"rt-holder\"><div class=\"rt-row\"><div class='rt-col-xs-12'><div class='rt-detail'><h3 class=\"entry-title\"><a data-id=\"592\" class=\"\" href=\"https:\/\/concamin.org.mx\/?p=592\">Transparencia y Combate a la Corrupci\u00f3n<\/a><\/h3><div class='tpg-excerpt'>Trabaja con la Secretar\u00eda de la Funci\u00f3n P\u00fablica para la puesta en marcha de un padr\u00f3n de proveedores confiables para la inserci\u00f3n de PYMES en las compras de gobierno...<\/div><span class='read-more '><a data-id='592' class='' href='https:\/\/concamin.org.mx\/?p=592'>Conoce m\u00e1s<\/a><\/span><\/div><\/div><\/div><\/div><\/div><div class=\"rt-col-md-12 rt-col-sm-12 rt-col-xs-12 even-grid-item rt-grid-item\" data-id=\"612\"><div class=\"rt-holder\"><div class=\"rt-row\"><div class='rt-col-xs-12'><div class='rt-detail'><h3 class=\"entry-title\"><a data-id=\"612\" class=\"\" href=\"https:\/\/concamin.org.mx\/?p=612\">Trabajo Laboral, Seguridad Social y Recursos Humanos<\/a><\/h3><div class='tpg-excerpt'>Colaboraci\u00f3n con la Agencia Japonesa de Cooperaci\u00f3n Internacional, a fin de continuar fortaleciendo el desarrollo industrial y la competitividad de las Pymes pertenecientes al sector automotriz...<\/div><span class='read-more '><a data-id='612' class='' href='https:\/\/concamin.org.mx\/?p=612'>Conoce m\u00e1s<\/a><\/span><\/div><\/div><\/div><\/div><\/div><div class=\"rt-col-md-12 rt-col-sm-12 rt-col-xs-12 even-grid-item rt-grid-item\" data-id=\"673\"><div class=\"rt-holder\"><div class=\"rt-row\"><div class='rt-col-xs-12'><div class='rt-detail'><h3 class=\"entry-title\"><a data-id=\"673\" class=\"\" href=\"https:\/\/concamin.org.mx\/?p=673\">Sustentabilidad y Cambio Clim\u00e1tico<\/a><\/h3><div class='tpg-excerpt'>Uno de sus trabajos m\u00e1s relevantes es participar y monitorear la legislaci\u00f3n ambiental, la cual es cada vez m\u00e1s exigente al emitirse m\u00e1s leyes, normas y reglamentos, lo que significa m\u00e1s tiempo y costo en la realizaci\u00f3n de proyectos, lo cual generalmente trae como consecuencia un incremento en los costos...<\/div><span class='read-more '><a data-id='673' class='' href='https:\/\/concamin.org.mx\/?p=673'>Conoce m\u00e1s<\/a><\/span><\/div><\/div><\/div><\/div><\/div><div class=\"rt-col-md-12 rt-col-sm-12 rt-col-xs-12 even-grid-item rt-grid-item\" data-id=\"600\"><div class=\"rt-holder\"><div class=\"rt-row\"><div class='rt-col-xs-12'><div class='rt-detail'><h3 class=\"entry-title\"><a data-id=\"600\" class=\"\" href=\"https:\/\/concamin.org.mx\/?p=600\">Seguridad P\u00fablica y Prevenci\u00f3n del Delito<\/a><\/h3><div class='tpg-excerpt'>La Comisi\u00f3n reporta mensualmente la disminuci\u00f3n o aumento de \u00edndices delictivos en los distintos modos de transporte, para comunicarlo a la autoridad que corresponda, estatal o federal y establecer una ruta de trabajo...<\/div><span class='read-more '><a data-id='600' class='' href='https:\/\/concamin.org.mx\/?p=600'>Conoce m\u00e1s<\/a><\/span><\/div><\/div><\/div><\/div><\/div><div class=\"rt-col-md-12 rt-col-sm-12 rt-col-xs-12 even-grid-item rt-grid-item\" data-id=\"604\"><div class=\"rt-holder\"><div class=\"rt-row\"><div class='rt-col-xs-12'><div class='rt-detail'><h3 class=\"entry-title\"><a data-id=\"604\" class=\"\" href=\"https:\/\/concamin.org.mx\/?p=604\">Responsabilidad Social y Empresarial<\/a><\/h3><div class='tpg-excerpt'>Esta Comisi\u00f3n ha trabajado en el posicionamiento del Premio Etica y Valores en la comunidad industrial. Se ha reunido con diversos organismos, entre otros la ONU, para establecer una agenda de trabajo que permita el apoyo a temas espec\u00edficos con la equidad de g\u00e9nero, el cuidado al medio ambiente y...<\/div><span class='read-more '><a data-id='604' class='' href='https:\/\/concamin.org.mx\/?p=604'>Conoce m\u00e1s<\/a><\/span><\/div><\/div><\/div><\/div><\/div><div class=\"rt-col-md-12 rt-col-sm-12 rt-col-xs-12 even-grid-item rt-grid-item\" data-id=\"608\"><div class=\"rt-holder\"><div class=\"rt-row\"><div class='rt-col-xs-12'><div class='rt-detail'><h3 class=\"entry-title\"><a data-id=\"608\" class=\"\" href=\"https:\/\/concamin.org.mx\/?p=608\">Propiedad Intelectual<\/a><\/h3><div class='tpg-excerpt'>Propuesta de Reforma a la Ley de Propiedad Industrial, identificando las posiciones que fijara el IMPI, con relaci\u00f3n al Poder Legislativo, en materia de estado de derecho, innovaci\u00f3n, uso de tecnolog\u00edas de la informaci\u00f3n y patentes. Adem\u00e1s, mejorar los tiempos de gesti\u00f3n para la realizaci\u00f3n de tr\u00e1mites entre otros...<\/div><span class='read-more '><a data-id='608' class='' href='https:\/\/concamin.org.mx\/?p=608'>Conoce m\u00e1s<\/a><\/span><\/div><\/div><\/div><\/div><\/div><div class=\"rt-col-md-12 rt-col-sm-12 rt-col-xs-12 even-grid-item rt-grid-item\" data-id=\"616\"><div class=\"rt-holder\"><div class=\"rt-row\"><div class='rt-col-xs-12'><div class='rt-detail'><h3 class=\"entry-title\"><a data-id=\"616\" class=\"\" href=\"https:\/\/concamin.org.mx\/?p=616\">Peque\u00f1a y Mediana Empresa<\/a><\/h3><div class='tpg-excerpt'>Con la intenci\u00f3n de fortalecer al sector industrial, conformado por peque\u00f1as y medianas empresas productivas, la Comisi\u00f3n ha estado trabajando con la Comisi\u00f3n de Financiamiento en...<\/div><span class='read-more '><a data-id='616' class='' href='https:\/\/concamin.org.mx\/?p=616'>Conoce m\u00e1s<\/a><\/span><\/div><\/div><\/div><\/div><\/div><\/div><div class='rt-pagination-wrap' data-total-pages='4' data-posts-per-page='9' data-type='pagination_ajax'  ><div class='rt-page-numbers'><\/div><\/div><\/div>[\/et_pb_code][\/et_pb_column][\/et_pb_row][\/et_pb_section]<\/p>\n","protected":false},"excerpt":{"rendered":"<p>[et_pb_section fb_built=&#8221;1&#8243; module_class=&#8221;breadcrumbs&#8221; _builder_version=&#8221;4.27.2&#8243; _module_preset=&#8221;default&#8221; background_color=&#8221;#f8f7fa&#8221; global_colors_info=&#8221;{}&#8221;][et_pb_row _builder_version=&#8221;4.27.2&#8243; _module_preset=&#8221;default&#8221; global_colors_info=&#8221;{}&#8221;][et_pb_column type=&#8221;4_4&#8243; _builder_version=&#8221;4.27.2&#8243; _module_preset=&#8221;default&#8221; global_colors_info=&#8221;{}&#8221;][et_pb_code _builder_version=&#8221;4.27.2&#8243; _module_preset=&#8221;default&#8221; global_colors_info=&#8221;{}&#8221;] Inicio 5 Afiliados 5 Comisiones de trabajo [\/et_pb_code][\/et_pb_column][\/et_pb_row][\/et_pb_section][et_pb_section fb_built=&#8221;1&#8243; module_class=&#8221;module&#8221; _builder_version=&#8221;4.27.2&#8243; _module_preset=&#8221;default&#8221; global_colors_info=&#8221;{}&#8221;][et_pb_row _builder_version=&#8221;4.27.2&#8243; _module_preset=&#8221;default&#8221; custom_padding=&#8221;0px||0px||true|false&#8221; global_colors_info=&#8221;{}&#8221;][et_pb_column type=&#8221;4_4&#8243; _builder_version=&#8221;4.27.2&#8243; _module_preset=&#8221;default&#8221; global_colors_info=&#8221;{}&#8221;][et_pb_text _builder_version=&#8221;4.27.2&#8243; _module_preset=&#8221;default&#8221; global_colors_info=&#8221;{}&#8221;] Comisiones de trabajo [\/et_pb_text][\/et_pb_column][\/et_pb_row][et_pb_row custom_padding_last_edited=&#8221;on|phone&#8221; _builder_version=&#8221;4.27.2&#8243; _module_preset=&#8221;default&#8221; custom_padding=&#8221;60px||||false|false&#8221; custom_padding_tablet=&#8221;32px||||false|false&#8221; custom_padding_phone=&#8221;16px||||false|false&#8221; global_colors_info=&#8221;{}&#8221;][et_pb_column type=&#8221;4_4&#8243; _builder_version=&#8221;4.27.2&#8243; _module_preset=&#8221;default&#8221; [&hellip;]<\/p>\n","protected":false},"author":1,"featured_media":14,"parent":0,"menu_order":0,"comment_status":"closed","ping_status":"closed","template":"","meta":{"_et_pb_use_builder":"on","_et_pb_old_content":"","_et_gb_content_width":"","inline_featured_image":false,"footnotes":""},"class_list":["post-245","page","type-page","status-publish","has-post-thumbnail","hentry"],"rttpg_featured_image_url":{"full":["https:\/\/concamin.org.mx\/wp-content\/uploads\/2024\/10\/share.jpg",1251,876,false],"landscape":["https:\/\/concamin.org.mx\/wp-content\/uploads\/2024\/10\/share.jpg",1251,876,false],"portraits":["https:\/\/concamin.org.mx\/wp-content\/uploads\/2024\/10\/share.jpg",1251,876,false],"thumbnail":["https:\/\/concamin.org.mx\/wp-content\/uploads\/2024\/10\/share-150x150.jpg",150,150,true],"medium":["https:\/\/concamin.org.mx\/wp-content\/uploads\/2024\/10\/share-300x210.jpg",300,210,true],"large":["https:\/\/concamin.org.mx\/wp-content\/uploads\/2024\/10\/share-1024x717.jpg",1024,717,true],"1536x1536":["https:\/\/concamin.org.mx\/wp-content\/uploads\/2024\/10\/share.jpg",1251,876,false],"2048x2048":["https:\/\/concamin.org.mx\/wp-content\/uploads\/2024\/10\/share.jpg",1251,876,false],"et-pb-post-main-image":["https:\/\/concamin.org.mx\/wp-content\/uploads\/2024\/10\/share-400x250.jpg",400,250,true],"et-pb-post-main-image-fullwidth":["https:\/\/concamin.org.mx\/wp-content\/uploads\/2024\/10\/share-1080x675.jpg",1080,675,true],"et-pb-portfolio-image":["https:\/\/concamin.org.mx\/wp-content\/uploads\/2024\/10\/share-400x284.jpg",400,284,true],"et-pb-portfolio-module-image":["https:\/\/concamin.org.mx\/wp-content\/uploads\/2024\/10\/share-510x382.jpg",510,382,true],"et-pb-portfolio-image-single":["https:\/\/concamin.org.mx\/wp-content\/uploads\/2024\/10\/share-1080x756.jpg",1080,756,true],"et-pb-gallery-module-image-portrait":["https:\/\/concamin.org.mx\/wp-content\/uploads\/2024\/10\/share-400x516.jpg",400,516,true],"et-pb-post-main-image-fullwidth-large":["https:\/\/concamin.org.mx\/wp-content\/uploads\/2024\/10\/share.jpg",1251,876,false],"et-pb-image--responsive--desktop":["https:\/\/concamin.org.mx\/wp-content\/uploads\/2024\/10\/share.jpg",1028,720,false],"et-pb-image--responsive--tablet":["https:\/\/concamin.org.mx\/wp-content\/uploads\/2024\/10\/share-980x686.jpg",787,551,true],"et-pb-image--responsive--phone":["https:\/\/concamin.org.mx\/wp-content\/uploads\/2024\/10\/share-480x336.jpg",386,270,true],"yarpp-thumbnail":["https:\/\/concamin.org.mx\/wp-content\/uploads\/2024\/10\/share.jpg",120,84,false],"rt_custom":["https:\/\/concamin.org.mx\/wp-content\/uploads\/2024\/10\/share.jpg",1251,876,false]},"rttpg_author":{"display_name":"xdelvalle@siclip.com","author_link":"https:\/\/concamin.org.mx\/?author=1"},"rttpg_comment":0,"rttpg_category":"","rttpg_excerpt":"[et_pb_section fb_built=&#8221;1&#8243; module_class=&#8221;breadcrumbs&#8221; _builder_version=&#8221;4.27.2&#8243; _module_preset=&#8221;default&#8221; background_color=&#8221;#f8f7fa&#8221; global_colors_info=&#8221;{}&#8221;][et_pb_row _builder_version=&#8221;4.27.2&#8243; _module_preset=&#8221;default&#8221; global_colors_info=&#8221;{}&#8221;][et_pb_column type=&#8221;4_4&#8243; _builder_version=&#8221;4.27.2&#8243; _module_preset=&#8221;default&#8221; global_colors_info=&#8221;{}&#8221;][et_pb_code _builder_version=&#8221;4.27.2&#8243; _module_preset=&#8221;default&#8221; global_colors_info=&#8221;{}&#8221;] Inicio 5 Afiliados 5 Comisiones de trabajo [\/et_pb_code][\/et_pb_column][\/et_pb_row][\/et_pb_section][et_pb_section fb_built=&#8221;1&#8243; module_class=&#8221;module&#8221; _builder_version=&#8221;4.27.2&#8243; _module_preset=&#8221;default&#8221; global_colors_info=&#8221;{}&#8221;][et_pb_row _builder_version=&#8221;4.27.2&#8243; _module_preset=&#8221;default&#8221; custom_padding=&#8221;0px||0px||true|false&#8221; global_colors_info=&#8221;{}&#8221;][et_pb_column type=&#8221;4_4&#8243; _builder_version=&#8221;4.27.2&#8243; _module_preset=&#8221;default&#8221; global_colors_info=&#8221;{}&#8221;][et_pb_text _builder_version=&#8221;4.27.2&#8243; _module_preset=&#8221;default&#8221; global_colors_info=&#8221;{}&#8221;] Comisiones de trabajo [\/et_pb_text][\/et_pb_column][\/et_pb_row][et_pb_row custom_padding_last_edited=&#8221;on|phone&#8221; _builder_version=&#8221;4.27.2&#8243; _module_preset=&#8221;default&#8221; custom_padding=&#8221;60px||||false|false&#8221; custom_padding_tablet=&#8221;32px||||false|false&#8221; custom_padding_phone=&#8221;16px||||false|false&#8221; global_colors_info=&#8221;{}&#8221;][et_pb_column type=&#8221;4_4&#8243; _builder_version=&#8221;4.27.2&#8243; _module_preset=&#8221;default&#8221;&hellip;","_links":{"self":[{"href":"https:\/\/concamin.org.mx\/index.php?rest_route=\/wp\/v2\/pages\/245","targetHints":{"allow":["GET"]}}],"collection":[{"href":"https:\/\/concamin.org.mx\/index.php?rest_route=\/wp\/v2\/pages"}],"about":[{"href":"https:\/\/concamin.org.mx\/index.php?rest_route=\/wp\/v2\/types\/page"}],"author":[{"embeddable":true,"href":"https:\/\/concamin.org.mx\/index.php?rest_route=\/wp\/v2\/users\/1"}],"replies":[{"embeddable":true,"href":"https:\/\/concamin.org.mx\/index.php?rest_route=%2Fwp%2Fv2%2Fcomments&post=245"}],"version-history":[{"count":7,"href":"https:\/\/concamin.org.mx\/index.php?rest_route=\/wp\/v2\/pages\/245\/revisions"}],"predecessor-version":[{"id":2806,"href":"https:\/\/concamin.org.mx\/index.php?rest_route=\/wp\/v2\/pages\/245\/revisions\/2806"}],"wp:featuredmedia":[{"embeddable":true,"href":"https:\/\/concamin.org.mx\/index.php?rest_route=\/wp\/v2\/media\/14"}],"wp:attachment":[{"href":"https:\/\/concamin.org.mx\/index.php?rest_route=%2Fwp%2Fv2%2Fmedia&parent=245"}],"curies":[{"name":"wp","href":"https:\/\/api.w.org\/{rel}","templated":true}]}}