{"id":222,"date":"2024-10-22T17:41:07","date_gmt":"2024-10-22T17:41:07","guid":{"rendered":"https:\/\/darkslategray-tiger-275734.hostingersite.com\/?page_id=222"},"modified":"2025-09-04T22:17:13","modified_gmt":"2025-09-04T22:17:13","slug":"regiones","status":"publish","type":"page","link":"https:\/\/concamin.org.mx\/?page_id=222","title":{"rendered":"Regiones"},"content":{"rendered":"<p>[et_pb_section fb_built=&#8221;1&#8243; module_class=&#8221;breadcrumbs&#8221; _builder_version=&#8221;4.27.2&#8243; _module_preset=&#8221;default&#8221; background_color=&#8221;#f8f7fa&#8221; global_colors_info=&#8221;{}&#8221;][et_pb_row _builder_version=&#8221;4.27.2&#8243; _module_preset=&#8221;default&#8221; global_colors_info=&#8221;{}&#8221;][et_pb_column type=&#8221;4_4&#8243; _builder_version=&#8221;4.27.2&#8243; _module_preset=&#8221;default&#8221; global_colors_info=&#8221;{}&#8221;][et_pb_code _builder_version=&#8221;4.27.2&#8243; _module_preset=&#8221;default&#8221; global_colors_info=&#8221;{}&#8221;]<\/p>\n<div class=\"lwp-breadcrumbs\"><!-- [et_pb_line_break_holder] -->  <span typeof=\"BreadcrumbList\"><!-- [et_pb_line_break_holder] -->    <span property=\"itemListElement\" typeof=\"ListItem\"><!-- [et_pb_line_break_holder] -->      <a property=\"item\" typeof=\"WebPage\" href=\"\/\"><!-- [et_pb_line_break_holder] -->        <span property=\"name\">Inicio<\/span><!-- [et_pb_line_break_holder] -->      <\/a><!-- [et_pb_line_break_holder] -->    <\/span><!-- [et_pb_line_break_holder] -->    <span class=\"separator et-pb-icon\">5<\/span><!-- [et_pb_line_break_holder] -->    <span property=\"itemListElement\" typeof=\"ListItem\"><!-- [et_pb_line_break_holder] -->       <a property=\"item\" typeof=\"WebPage\" href=\"\/quienes-somos\/\"><!-- [et_pb_line_break_holder] -->      \t\t<span property=\"name\">Nosotros<\/span><!-- [et_pb_line_break_holder] -->        <\/a><!-- [et_pb_line_break_holder] -->    <\/span><!-- [et_pb_line_break_holder] -->   <!-- [et_pb_line_break_holder] -->    <span class=\"separator et-pb-icon\">5<\/span><!-- [et_pb_line_break_holder] -->    <span property=\"itemListElement\" typeof=\"ListItem\" class=\"current\"><!-- [et_pb_line_break_holder] -->      <a property=\"item\" typeof=\"WebPage\" href=\"\/regiones\/\"><!-- [et_pb_line_break_holder] -->       Regiones<!-- [et_pb_line_break_holder] -->      <\/a><!-- [et_pb_line_break_holder] -->    <\/span><!-- [et_pb_line_break_holder] -->  <\/span><!-- [et_pb_line_break_holder] --><\/div>\n<p>[\/et_pb_code][\/et_pb_column][\/et_pb_row][\/et_pb_section][et_pb_section fb_built=&#8221;1&#8243; module_class=&#8221;module&#8221; _builder_version=&#8221;4.27.2&#8243; _module_preset=&#8221;default&#8221; global_colors_info=&#8221;{}&#8221;][et_pb_row column_structure=&#8221;1_2,1_2&#8243; _builder_version=&#8221;4.27.2&#8243; _module_preset=&#8221;default&#8221; custom_padding=&#8221;0px||0px||true|false&#8221; global_colors_info=&#8221;{}&#8221;][et_pb_column type=&#8221;1_2&#8243; _builder_version=&#8221;4.27.2&#8243; _module_preset=&#8221;default&#8221; global_colors_info=&#8221;{}&#8221;][et_pb_text _builder_version=&#8221;4.27.2&#8243; _module_preset=&#8221;default&#8221; global_colors_info=&#8221;{}&#8221;]<\/p>\n<h1>Regiones<\/h1>\n<p>[\/et_pb_text][et_pb_text module_class=&#8221;text-18&#8243; _builder_version=&#8221;4.27.2&#8243; _module_preset=&#8221;default&#8221; global_colors_info=&#8221;{}&#8221;]<\/p>\n<p><strong>Concamin est\u00e1 presente en m\u00faltiples regiones<\/strong><\/p>\n<p>[\/et_pb_text][\/et_pb_column][et_pb_column type=&#8221;1_2&#8243; _builder_version=&#8221;4.27.2&#8243; _module_preset=&#8221;default&#8221; global_colors_info=&#8221;{}&#8221;][\/et_pb_column][\/et_pb_row][et_pb_row column_structure=&#8221;2_5,3_5&#8243; custom_padding_last_edited=&#8221;on|phone&#8221; module_class=&#8221;map-row&#8221; _builder_version=&#8221;4.27.2&#8243; _module_preset=&#8221;default&#8221; custom_padding=&#8221;60px||0px||false|false&#8221; custom_padding_tablet=&#8221;32px||||false|false&#8221; custom_padding_phone=&#8221;16px||||false|false&#8221; global_colors_info=&#8221;{}&#8221;][et_pb_column type=&#8221;2_5&#8243; _builder_version=&#8221;4.27.2&#8243; _module_preset=&#8221;default&#8221; global_colors_info=&#8221;{}&#8221;][et_pb_accordion disabled_on=&#8221;on|on|off&#8221; module_class=&#8221;accordeon js-region-accordeon&#8221; _builder_version=&#8221;4.27.2&#8243; _module_preset=&#8221;default&#8221; global_colors_info=&#8221;{}&#8221;][et_pb_accordion_item title=&#8221;Regi\u00f3n Baj\u00edo&#8221; open=&#8221;on&#8221; _builder_version=&#8221;4.27.2&#8243; _module_preset=&#8221;default&#8221; global_colors_info=&#8221;{}&#8221;]<\/p>\n<ul>\n<li>Aguascalientes<\/li>\n<li>Guanajuato<\/li>\n<li>Quer\u00e9taro<\/li>\n<li>San Luis Potos\u00ed<\/li>\n<\/ul>\n<p>[\/et_pb_accordion_item][et_pb_accordion_item title=&#8221;Regi\u00f3n Oriente&#8221; _builder_version=&#8221;4.27.2&#8243; _module_preset=&#8221;default&#8221; global_colors_info=&#8221;{}&#8221; open=&#8221;off&#8221;]<\/p>\n<ul>\n<li>Veracruz<\/li>\n<li>Tabasco<\/li>\n<li>Chiapas<\/li>\n<li>Oaxaca<\/li>\n<\/ul>\n<p>[\/et_pb_accordion_item][et_pb_accordion_item title=&#8221;Regi\u00f3n occidente&#8221; _builder_version=&#8221;4.27.2&#8243; _module_preset=&#8221;default&#8221; global_colors_info=&#8221;{}&#8221; open=&#8221;off&#8221;]<\/p>\n<ul>\n<li>Jalisco<\/li>\n<li>Michoac\u00e1n<\/li>\n<li>Nayarit<\/li>\n<li>Colima<\/li>\n<\/ul>\n<p>[\/et_pb_accordion_item][et_pb_accordion_item title=&#8221;Regi\u00f3n Sureste&#8221; _builder_version=&#8221;4.27.2&#8243; _module_preset=&#8221;default&#8221; global_colors_info=&#8221;{}&#8221; open=&#8221;off&#8221;]<\/p>\n<ul>\n<li>Campeche<\/li>\n<li>Quintana Roo<\/li>\n<li>Yucat\u00e1n<\/li>\n<\/ul>\n<p>[\/et_pb_accordion_item][et_pb_accordion_item title=&#8221;Regi\u00f3n Norte&#8221; _builder_version=&#8221;4.27.2&#8243; _module_preset=&#8221;default&#8221; global_colors_info=&#8221;{}&#8221; open=&#8221;off&#8221;]<\/p>\n<ul>\n<li>Durango<\/li>\n<li>Chihuahua<\/li>\n<li>Zacatecas<\/li>\n<\/ul>\n<p>[\/et_pb_accordion_item][et_pb_accordion_item title=&#8221;Regi\u00f3n Noreste&#8221; _builder_version=&#8221;4.27.2&#8243; _module_preset=&#8221;default&#8221; global_colors_info=&#8221;{}&#8221; open=&#8221;off&#8221;]<\/p>\n<ul>\n<li>Coahuila<\/li>\n<li>Nuevo Le\u00f3n<\/li>\n<li>Tamaulipas<\/li>\n<\/ul>\n<p>[\/et_pb_accordion_item][et_pb_accordion_item title=&#8221;Regi\u00f3n Noroeste&#8221; _builder_version=&#8221;4.27.2&#8243; _module_preset=&#8221;default&#8221; global_colors_info=&#8221;{}&#8221; open=&#8221;off&#8221;]<\/p>\n<ul>\n<li>Sinaloa<\/li>\n<li>Sonora<\/li>\n<li>Baja California<\/li>\n<li>Baja California Sur<\/li>\n<\/ul>\n<p>[\/et_pb_accordion_item][et_pb_accordion_item title=&#8221;Regi\u00f3n Centro Norte&#8221; _builder_version=&#8221;4.27.2&#8243; _module_preset=&#8221;default&#8221; global_colors_info=&#8221;{}&#8221; open=&#8221;off&#8221;]<\/p>\n<ul>\n<li>Puebla<\/li>\n<li>Tlaxcala<\/li>\n<li>Hidalgo<\/li>\n<\/ul>\n<p>[\/et_pb_accordion_item][et_pb_accordion_item title=&#8221;Regi\u00f3n Centro Sur&#8221; _builder_version=&#8221;4.27.2&#8243; _module_preset=&#8221;default&#8221; global_colors_info=&#8221;{}&#8221; open=&#8221;off&#8221;]<\/p>\n<ul>\n<li>Morelos<\/li>\n<li>Estado de M\u00e9xico<\/li>\n<li><strong>Ciudad de M\u00e9xico<\/strong><\/li>\n<li>Guerrero<\/li>\n<\/ul>\n<p>[\/et_pb_accordion_item][\/et_pb_accordion][et_pb_code disabled_on=&#8221;off|off|on&#8221; _builder_version=&#8221;4.27.2&#8243; _module_preset=&#8221;default&#8221; global_colors_info=&#8221;{}&#8221;]<select id=\"region-select\" class=\"select-form\"><!-- [et_pb_line_break_holder] --><option value=\"region-1\">Regi\u00f3n Baj\u00edo<\/option><!-- [et_pb_line_break_holder] --><option value=\"region-2\">Regi\u00f3n Oriente<\/option><!-- [et_pb_line_break_holder] --><option value=\"region-3\">Regi\u00f3n Occidente<\/option><!-- [et_pb_line_break_holder] --><option value=\"region-4\">Regi\u00f3n Sureste<\/option><!-- [et_pb_line_break_holder] --><option value=\"region-5\">Regi\u00f3n Norte<\/option><!-- [et_pb_line_break_holder] --><option value=\"region-6\">Regi\u00f3n Noreste<\/option><!-- [et_pb_line_break_holder] --><option value=\"region-7\">Regi\u00f3n Noroeste<\/option><!-- [et_pb_line_break_holder] --><option value=\"region-8\">Regi\u00f3n Centro norte<\/option><!-- [et_pb_line_break_holder] --><option value=\"region-9\">Regi\u00f3n Centro sur<\/option><!-- [et_pb_line_break_holder] -->  <!-- [et_pb_line_break_holder] --><\/select>[\/et_pb_code][\/et_pb_column][et_pb_column type=&#8221;3_5&#8243; module_class=&#8221;map__right&#8221; _builder_version=&#8221;4.27.2&#8243; _module_preset=&#8221;default&#8221; global_colors_info=&#8221;{}&#8221;][et_pb_code _builder_version=&#8221;4.27.2&#8243; _module_preset=&#8221;default&#8221; background_image=&#8221;https:\/\/concamin.org.mx\/wp-content\/uploads\/2025\/09\/Screenshot-2025-09-04-at-16-14-29-Regiones.png&#8221; background_size=&#8221;contain&#8221; hover_enabled=&#8221;0&#8243; global_colors_info=&#8221;{}&#8221; sticky_enabled=&#8221;0&#8243;][\/et_pb_code][\/et_pb_column][\/et_pb_row][\/et_pb_section]<\/p>\n","protected":false},"excerpt":{"rendered":"<p>RegionesConcamin est\u00e1 presente en m\u00faltiples regiones Aguascalientes Guanajuato Quer\u00e9taro San Luis Potos\u00ed Veracruz Tabasco Chiapas Oaxaca Jalisco Michoac\u00e1n Nayarit Colima Campeche Quintana Roo Yucat\u00e1n Durango Chihuahua Zacatecas Coahuila Nuevo Le\u00f3n Tamaulipas Sinaloa Sonora Baja California Baja California Sur Puebla Tlaxcala Hidalgo Morelos Estado de M\u00e9xico Ciudad de M\u00e9xico Guerrero<\/p>\n","protected":false},"author":1,"featured_media":14,"parent":0,"menu_order":0,"comment_status":"closed","ping_status":"closed","template":"","meta":{"_et_pb_use_builder":"on","_et_pb_old_content":"","_et_gb_content_width":"","inline_featured_image":false,"footnotes":""},"class_list":["post-222","page","type-page","status-publish","has-post-thumbnail","hentry"],"rttpg_featured_image_url":{"full":["https:\/\/concamin.org.mx\/wp-content\/uploads\/2024\/10\/share.jpg",1251,876,false],"landscape":["https:\/\/concamin.org.mx\/wp-content\/uploads\/2024\/10\/share.jpg",1251,876,false],"portraits":["https:\/\/concamin.org.mx\/wp-content\/uploads\/2024\/10\/share.jpg",1251,876,false],"thumbnail":["https:\/\/concamin.org.mx\/wp-content\/uploads\/2024\/10\/share-150x150.jpg",150,150,true],"medium":["https:\/\/concamin.org.mx\/wp-content\/uploads\/2024\/10\/share-300x210.jpg",300,210,true],"large":["https:\/\/concamin.org.mx\/wp-content\/uploads\/2024\/10\/share-1024x717.jpg",1024,717,true],"1536x1536":["https:\/\/concamin.org.mx\/wp-content\/uploads\/2024\/10\/share.jpg",1251,876,false],"2048x2048":["https:\/\/concamin.org.mx\/wp-content\/uploads\/2024\/10\/share.jpg",1251,876,false],"et-pb-post-main-image":["https:\/\/concamin.org.mx\/wp-content\/uploads\/2024\/10\/share-400x250.jpg",400,250,true],"et-pb-post-main-image-fullwidth":["https:\/\/concamin.org.mx\/wp-content\/uploads\/2024\/10\/share-1080x675.jpg",1080,675,true],"et-pb-portfolio-image":["https:\/\/concamin.org.mx\/wp-content\/uploads\/2024\/10\/share-400x284.jpg",400,284,true],"et-pb-portfolio-module-image":["https:\/\/concamin.org.mx\/wp-content\/uploads\/2024\/10\/share-510x382.jpg",510,382,true],"et-pb-portfolio-image-single":["https:\/\/concamin.org.mx\/wp-content\/uploads\/2024\/10\/share-1080x756.jpg",1080,756,true],"et-pb-gallery-module-image-portrait":["https:\/\/concamin.org.mx\/wp-content\/uploads\/2024\/10\/share-400x516.jpg",400,516,true],"et-pb-post-main-image-fullwidth-large":["https:\/\/concamin.org.mx\/wp-content\/uploads\/2024\/10\/share.jpg",1251,876,false],"et-pb-image--responsive--desktop":["https:\/\/concamin.org.mx\/wp-content\/uploads\/2024\/10\/share.jpg",1028,720,false],"et-pb-image--responsive--tablet":["https:\/\/concamin.org.mx\/wp-content\/uploads\/2024\/10\/share-980x686.jpg",787,551,true],"et-pb-image--responsive--phone":["https:\/\/concamin.org.mx\/wp-content\/uploads\/2024\/10\/share-480x336.jpg",386,270,true],"yarpp-thumbnail":["https:\/\/concamin.org.mx\/wp-content\/uploads\/2024\/10\/share.jpg",120,84,false],"rt_custom":["https:\/\/concamin.org.mx\/wp-content\/uploads\/2024\/10\/share.jpg",1251,876,false]},"rttpg_author":{"display_name":"xdelvalle@siclip.com","author_link":"https:\/\/concamin.org.mx\/?author=1"},"rttpg_comment":0,"rttpg_category":null,"rttpg_excerpt":"RegionesConcamin est\u00e1 presente en m\u00faltiples regiones Aguascalientes Guanajuato Quer\u00e9taro San Luis Potos\u00ed Veracruz Tabasco Chiapas Oaxaca Jalisco Michoac\u00e1n Nayarit Colima Campeche Quintana Roo Yucat\u00e1n Durango Chihuahua Zacatecas Coahuila Nuevo Le\u00f3n Tamaulipas Sinaloa Sonora Baja California Baja California Sur Puebla Tlaxcala Hidalgo Morelos Estado de M\u00e9xico Ciudad de M\u00e9xico Guerrero","_links":{"self":[{"href":"https:\/\/concamin.org.mx\/index.php?rest_route=\/wp\/v2\/pages\/222","targetHints":{"allow":["GET"]}}],"collection":[{"href":"https:\/\/concamin.org.mx\/index.php?rest_route=\/wp\/v2\/pages"}],"about":[{"href":"https:\/\/concamin.org.mx\/index.php?rest_route=\/wp\/v2\/types\/page"}],"author":[{"embeddable":true,"href":"https:\/\/concamin.org.mx\/index.php?rest_route=\/wp\/v2\/users\/1"}],"replies":[{"embeddable":true,"href":"https:\/\/concamin.org.mx\/index.php?rest_route=%2Fwp%2Fv2%2Fcomments&post=222"}],"version-history":[{"count":18,"href":"https:\/\/concamin.org.mx\/index.php?rest_route=\/wp\/v2\/pages\/222\/revisions"}],"predecessor-version":[{"id":2636,"href":"https:\/\/concamin.org.mx\/index.php?rest_route=\/wp\/v2\/pages\/222\/revisions\/2636"}],"wp:featuredmedia":[{"embeddable":true,"href":"https:\/\/concamin.org.mx\/index.php?rest_route=\/wp\/v2\/media\/14"}],"wp:attachment":[{"href":"https:\/\/concamin.org.mx\/index.php?rest_route=%2Fwp%2Fv2%2Fmedia&parent=222"}],"curies":[{"name":"wp","href":"https:\/\/api.w.org\/{rel}","templated":true}]}}